{"id":3108,"date":"2023-10-10T16:25:44","date_gmt":"2023-10-10T14:25:44","guid":{"rendered":"https:\/\/www.alimentoslapedriza.com\/?post_type=product&#038;p=3108"},"modified":"2023-11-20T16:19:29","modified_gmt":"2023-11-20T15:19:29","slug":"guisantes-partidos","status":"publish","type":"product","link":"https:\/\/www.alimentoslapedriza.com\/fr\/producto\/guisantes-partidos\/","title":{"rendered":"Guisantes Partidos"},"content":{"rendered":"<div data-hveid=\"CA8QAQ\">\n<div class=\"dnXCYb\" role=\"button\" aria-controls=\"_il4lZb-nI-SrkdUP9NGrkAs_32\" aria-expanded=\"true\">\n<div class=\"L3Ezfd\" data-ved=\"2ahUKEwi_lNiu1-uBAxXkVaQEHfToCrIQuk56BAgPEAI\"><span style=\"font-size: 16px\">Los <strong>Guisantes Partidos<\/strong>, tambi\u00e9n conocidos como ch\u00edcharos, <\/span>son de las pocas legumbres que no necesitan remojo, ya que no tienen piel<span style=\"font-size: 16px\">. El tiempo de cocci\u00f3n var\u00eda seg\u00fan su forma de preparaci\u00f3n: en olla presi\u00f3n, aproximadamente 15 minutos, en olla s\u00faper r\u00e1pida, 5 minutos, y en cazuela.<\/span><\/div>\n<\/div>\n<\/div>\n","protected":false},"excerpt":{"rendered":"<p>Los Guisantes Partidos, tambi\u00e9n conocidos como ch\u00edcharos, son de las pocas legumbres que no necesitan remojo, ya que no tienen piel. El tiempo de cocci\u00f3n var\u00eda seg\u00fan su forma de preparaci\u00f3n: en olla presi\u00f3n, aproximadamente 15 minutos, en olla s\u00faper r\u00e1pida, 5 minutos, y en cazuela.<\/p>\n","protected":false},"featured_media":0,"comment_status":"open","ping_status":"closed","template":"","meta":{"_acf_changed":false,"site-sidebar-layout":"default","site-content-layout":"","ast-site-content-layout":"default","site-content-style":"default","site-sidebar-style":"default","ast-global-header-display":"","ast-banner-title-visibility":"","ast-main-header-display":"","ast-hfb-above-header-display":"","ast-hfb-below-header-display":"","ast-hfb-mobile-header-display":"","site-post-title":"","ast-breadcrumbs-content":"","ast-featured-img":"","footer-sml-layout":"","ast-disable-related-posts":"","theme-transparent-header-meta":"default","adv-header-id-meta":"","stick-header-meta":"","header-above-stick-meta":"","header-main-stick-meta":"","header-below-stick-meta":"","astra-migrate-meta-layouts":"set","ast-page-background-enabled":"default","ast-page-background-meta":{"desktop":{"background-color":"var(--ast-global-color-4)","background-image":"","background-repeat":"repeat","background-position":"center center","background-size":"auto","background-attachment":"scroll","background-type":"","background-media":"","overlay-type":"","overlay-color":"","overlay-opacity":"","overlay-gradient":""},"tablet":{"background-color":"","background-image":"","background-repeat":"repeat","background-position":"center center","background-size":"auto","background-attachment":"scroll","background-type":"","background-media":"","overlay-type":"","overlay-color":"","overlay-opacity":"","overlay-gradient":""},"mobile":{"background-color":"","background-image":"","background-repeat":"repeat","background-position":"center center","background-size":"auto","background-attachment":"scroll","background-type":"","background-media":"","overlay-type":"","overlay-color":"","overlay-opacity":"","overlay-gradient":""}},"ast-content-background-meta":{"desktop":{"background-color":"var(--ast-global-color-5)","background-image":"","background-repeat":"repeat","background-position":"center center","background-size":"auto","background-attachment":"scroll","background-type":"","background-media":"","overlay-type":"","overlay-color":"","overlay-opacity":"","overlay-gradient":""},"tablet":{"background-color":"var(--ast-global-color-5)","background-image":"","background-repeat":"repeat","background-position":"center center","background-size":"auto","background-attachment":"scroll","background-type":"","background-media":"","overlay-type":"","overlay-color":"","overlay-opacity":"","overlay-gradient":""},"mobile":{"background-color":"var(--ast-global-color-5)","background-image":"","background-repeat":"repeat","background-position":"center center","background-size":"auto","background-attachment":"scroll","background-type":"","background-media":"","overlay-type":"","overlay-color":"","overlay-opacity":"","overlay-gradient":""}}},"product_brand":[],"product_cat":[148],"product_tag":[],"class_list":{"0":"post-3108","1":"product","2":"type-product","3":"status-publish","5":"product_cat-gran-seleccion","6":"desktop-align-left","7":"tablet-align-left","8":"mobile-align-left","10":"first","11":"instock","12":"shipping-taxable","13":"product-type-simple"},"acf":[],"yoast_head":"<!-- This site is optimized with the Yoast SEO plugin v27.4 - https:\/\/yoast.com\/product\/yoast-seo-wordpress\/ -->\n<title>Guisantes Partidos - Alimentos La Pedriza<\/title>\n<meta name=\"robots\" content=\"index, follow, max-snippet:-1, max-image-preview:large, max-video-preview:-1\" \/>\n<link rel=\"canonical\" href=\"https:\/\/www.alimentoslapedriza.com\/fr\/producto\/guisantes-partidos\/\" \/>\n<meta property=\"og:locale\" content=\"es_ES\" \/>\n<meta property=\"og:type\" content=\"article\" \/>\n<meta property=\"og:title\" content=\"Guisantes Partidos - Alimentos La Pedriza\" \/>\n<meta property=\"og:description\" content=\"Los Guisantes Partidos, tambi\u00e9n conocidos como ch\u00edcharos, son de las pocas legumbres que no necesitan remojo, ya que no tienen piel. El tiempo de cocci\u00f3n var\u00eda seg\u00fan su forma de preparaci\u00f3n: en olla presi\u00f3n, aproximadamente 15 minutos, en olla s\u00faper r\u00e1pida, 5 minutos, y en cazuela.\" \/>\n<meta property=\"og:url\" content=\"https:\/\/www.alimentoslapedriza.com\/fr\/producto\/guisantes-partidos\/\" \/>\n<meta property=\"og:site_name\" content=\"Alimentos La Pedriza\" \/>\n<meta property=\"article:modified_time\" content=\"2023-11-20T15:19:29+00:00\" \/>\n<meta property=\"og:image\" content=\"https:\/\/www.alimentoslapedriza.com\/fr\/wp-content\/uploads\/sites\/12\/2023\/09\/logo-casa-vertical.png\" \/>\n\t<meta property=\"og:image:width\" content=\"615\" \/>\n\t<meta property=\"og:image:height\" content=\"487\" \/>\n\t<meta property=\"og:image:type\" content=\"image\/png\" \/>\n<meta name=\"twitter:card\" content=\"summary_large_image\" \/>\n<script type=\"application\/ld+json\" class=\"yoast-schema-graph\">{\"@context\":\"https:\\\/\\\/schema.org\",\"@graph\":[{\"@type\":\"WebPage\",\"@id\":\"https:\\\/\\\/www.alimentoslapedriza.com\\\/fr\\\/producto\\\/guisantes-partidos\\\/\",\"url\":\"https:\\\/\\\/www.alimentoslapedriza.com\\\/fr\\\/producto\\\/guisantes-partidos\\\/\",\"name\":\"Guisantes Partidos - Alimentos La Pedriza\",\"isPartOf\":{\"@id\":\"https:\\\/\\\/www.alimentoslapedriza.com\\\/fr\\\/#website\"},\"datePublished\":\"2023-10-10T14:25:44+00:00\",\"dateModified\":\"2023-11-20T15:19:29+00:00\",\"breadcrumb\":{\"@id\":\"https:\\\/\\\/www.alimentoslapedriza.com\\\/fr\\\/producto\\\/guisantes-partidos\\\/#breadcrumb\"},\"inLanguage\":\"es\",\"potentialAction\":[{\"@type\":\"ReadAction\",\"target\":[\"https:\\\/\\\/www.alimentoslapedriza.com\\\/fr\\\/producto\\\/guisantes-partidos\\\/\"]}]},{\"@type\":\"BreadcrumbList\",\"@id\":\"https:\\\/\\\/www.alimentoslapedriza.com\\\/fr\\\/producto\\\/guisantes-partidos\\\/#breadcrumb\",\"itemListElement\":[{\"@type\":\"ListItem\",\"position\":1,\"name\":\"Portada\",\"item\":\"https:\\\/\\\/www.alimentoslapedriza.com\\\/fr\\\/\"},{\"@type\":\"ListItem\",\"position\":2,\"name\":\"Productos\",\"item\":\"https:\\\/\\\/www.alimentoslapedriza.com\\\/fr\\\/tienda__trashed\\\/\"},{\"@type\":\"ListItem\",\"position\":3,\"name\":\"Guisantes Partidos\"}]},{\"@type\":\"WebSite\",\"@id\":\"https:\\\/\\\/www.alimentoslapedriza.com\\\/fr\\\/#website\",\"url\":\"https:\\\/\\\/www.alimentoslapedriza.com\\\/fr\\\/\",\"name\":\"Alimentos La Pedriza\",\"description\":\"Legumbres La Pedriza | Prenez votre temps\",\"publisher\":{\"@id\":\"https:\\\/\\\/www.alimentoslapedriza.com\\\/fr\\\/#organization\"},\"potentialAction\":[{\"@type\":\"SearchAction\",\"target\":{\"@type\":\"EntryPoint\",\"urlTemplate\":\"https:\\\/\\\/www.alimentoslapedriza.com\\\/fr\\\/?s={search_term_string}\"},\"query-input\":{\"@type\":\"PropertyValueSpecification\",\"valueRequired\":true,\"valueName\":\"search_term_string\"}}],\"inLanguage\":\"es\"},{\"@type\":\"Organization\",\"@id\":\"https:\\\/\\\/www.alimentoslapedriza.com\\\/fr\\\/#organization\",\"name\":\"Alimentos La Pedriza\",\"url\":\"https:\\\/\\\/www.alimentoslapedriza.com\\\/fr\\\/\",\"logo\":{\"@type\":\"ImageObject\",\"inLanguage\":\"es\",\"@id\":\"https:\\\/\\\/www.alimentoslapedriza.com\\\/fr\\\/#\\\/schema\\\/logo\\\/image\\\/\",\"url\":\"https:\\\/\\\/www.alimentoslapedriza.com\\\/fr\\\/wp-content\\\/uploads\\\/sites\\\/12\\\/2023\\\/08\\\/Logo-casa-vertical-26.png\",\"contentUrl\":\"https:\\\/\\\/www.alimentoslapedriza.com\\\/fr\\\/wp-content\\\/uploads\\\/sites\\\/12\\\/2023\\\/08\\\/Logo-casa-vertical-26.png\",\"width\":512,\"height\":398,\"caption\":\"Alimentos La Pedriza\"},\"image\":{\"@id\":\"https:\\\/\\\/www.alimentoslapedriza.com\\\/fr\\\/#\\\/schema\\\/logo\\\/image\\\/\"}}]}<\/script>\n<!-- \/ Yoast SEO plugin. -->","yoast_head_json":{"title":"Guisantes Partidos - Alimentos La Pedriza","robots":{"index":"index","follow":"follow","max-snippet":"max-snippet:-1","max-image-preview":"max-image-preview:large","max-video-preview":"max-video-preview:-1"},"canonical":"https:\/\/www.alimentoslapedriza.com\/fr\/producto\/guisantes-partidos\/","og_locale":"es_ES","og_type":"article","og_title":"Guisantes Partidos - Alimentos La Pedriza","og_description":"Los Guisantes Partidos, tambi\u00e9n conocidos como ch\u00edcharos, son de las pocas legumbres que no necesitan remojo, ya que no tienen piel. El tiempo de cocci\u00f3n var\u00eda seg\u00fan su forma de preparaci\u00f3n: en olla presi\u00f3n, aproximadamente 15 minutos, en olla s\u00faper r\u00e1pida, 5 minutos, y en cazuela.","og_url":"https:\/\/www.alimentoslapedriza.com\/fr\/producto\/guisantes-partidos\/","og_site_name":"Alimentos La Pedriza","article_modified_time":"2023-11-20T15:19:29+00:00","og_image":[{"width":615,"height":487,"url":"https:\/\/www.alimentoslapedriza.com\/fr\/wp-content\/uploads\/sites\/12\/2023\/09\/logo-casa-vertical.png","type":"image\/png"}],"twitter_card":"summary_large_image","schema":{"@context":"https:\/\/schema.org","@graph":[{"@type":"WebPage","@id":"https:\/\/www.alimentoslapedriza.com\/fr\/producto\/guisantes-partidos\/","url":"https:\/\/www.alimentoslapedriza.com\/fr\/producto\/guisantes-partidos\/","name":"Guisantes Partidos - Alimentos La Pedriza","isPartOf":{"@id":"https:\/\/www.alimentoslapedriza.com\/fr\/#website"},"datePublished":"2023-10-10T14:25:44+00:00","dateModified":"2023-11-20T15:19:29+00:00","breadcrumb":{"@id":"https:\/\/www.alimentoslapedriza.com\/fr\/producto\/guisantes-partidos\/#breadcrumb"},"inLanguage":"es","potentialAction":[{"@type":"ReadAction","target":["https:\/\/www.alimentoslapedriza.com\/fr\/producto\/guisantes-partidos\/"]}]},{"@type":"BreadcrumbList","@id":"https:\/\/www.alimentoslapedriza.com\/fr\/producto\/guisantes-partidos\/#breadcrumb","itemListElement":[{"@type":"ListItem","position":1,"name":"Portada","item":"https:\/\/www.alimentoslapedriza.com\/fr\/"},{"@type":"ListItem","position":2,"name":"Productos","item":"https:\/\/www.alimentoslapedriza.com\/fr\/tienda__trashed\/"},{"@type":"ListItem","position":3,"name":"Guisantes Partidos"}]},{"@type":"WebSite","@id":"https:\/\/www.alimentoslapedriza.com\/fr\/#website","url":"https:\/\/www.alimentoslapedriza.com\/fr\/","name":"Alimentos La Pedriza","description":"Legumbres La Pedriza | Prenez votre temps","publisher":{"@id":"https:\/\/www.alimentoslapedriza.com\/fr\/#organization"},"potentialAction":[{"@type":"SearchAction","target":{"@type":"EntryPoint","urlTemplate":"https:\/\/www.alimentoslapedriza.com\/fr\/?s={search_term_string}"},"query-input":{"@type":"PropertyValueSpecification","valueRequired":true,"valueName":"search_term_string"}}],"inLanguage":"es"},{"@type":"Organization","@id":"https:\/\/www.alimentoslapedriza.com\/fr\/#organization","name":"Alimentos La Pedriza","url":"https:\/\/www.alimentoslapedriza.com\/fr\/","logo":{"@type":"ImageObject","inLanguage":"es","@id":"https:\/\/www.alimentoslapedriza.com\/fr\/#\/schema\/logo\/image\/","url":"https:\/\/www.alimentoslapedriza.com\/fr\/wp-content\/uploads\/sites\/12\/2023\/08\/Logo-casa-vertical-26.png","contentUrl":"https:\/\/www.alimentoslapedriza.com\/fr\/wp-content\/uploads\/sites\/12\/2023\/08\/Logo-casa-vertical-26.png","width":512,"height":398,"caption":"Alimentos La Pedriza"},"image":{"@id":"https:\/\/www.alimentoslapedriza.com\/fr\/#\/schema\/logo\/image\/"}}]}},"_links":{"self":[{"href":"https:\/\/www.alimentoslapedriza.com\/fr\/wp-json\/wp\/v2\/product\/3108","targetHints":{"allow":["GET"]}}],"collection":[{"href":"https:\/\/www.alimentoslapedriza.com\/fr\/wp-json\/wp\/v2\/product"}],"about":[{"href":"https:\/\/www.alimentoslapedriza.com\/fr\/wp-json\/wp\/v2\/types\/product"}],"replies":[{"embeddable":true,"href":"https:\/\/www.alimentoslapedriza.com\/fr\/wp-json\/wp\/v2\/comments?post=3108"}],"wp:attachment":[{"href":"https:\/\/www.alimentoslapedriza.com\/fr\/wp-json\/wp\/v2\/media?parent=3108"}],"wp:term":[{"taxonomy":"product_brand","embeddable":true,"href":"https:\/\/www.alimentoslapedriza.com\/fr\/wp-json\/wp\/v2\/product_brand?post=3108"},{"taxonomy":"product_cat","embeddable":true,"href":"https:\/\/www.alimentoslapedriza.com\/fr\/wp-json\/wp\/v2\/product_cat?post=3108"},{"taxonomy":"product_tag","embeddable":true,"href":"https:\/\/www.alimentoslapedriza.com\/fr\/wp-json\/wp\/v2\/product_tag?post=3108"}],"curies":[{"name":"wp","href":"https:\/\/api.w.org\/{rel}","templated":true}]}}