{"id":2246,"date":"2023-09-22T13:41:53","date_gmt":"2023-09-22T11:41:53","guid":{"rendered":"https:\/\/www.alimentoslapedriza.com\/?post_type=product&#038;p=2246"},"modified":"2023-10-17T09:14:28","modified_gmt":"2023-10-17T07:14:28","slug":"alubia-pinta-cocida","status":"publish","type":"product","link":"https:\/\/www.alimentoslapedriza.com\/fr\/producto\/alubia-pinta-cocida\/","title":{"rendered":"Alubia Pintas Cocidas"},"content":{"rendered":"<p><span class=\"ILfuVd\" lang=\"es\"><span class=\"hgKElc\">Las <strong>Alubias Pintas <\/strong>de bote no son m\u00e1s que una versi\u00f3n lista para consumir de la alubia pinta seca, pues ya han pasado por un proceso de cocci\u00f3n a nivel industrial y se han almacenado junto a sal y algunos aditivos, que favorecen su conservaci\u00f3n en un tarro.<\/span><\/span><\/p>\n","protected":false},"excerpt":{"rendered":"<p>Las Alubias Pintas de bote no son m\u00e1s que una versi\u00f3n lista para consumir de la alubia pinta seca, pues ya han pasado por un proceso de cocci\u00f3n a nivel industrial y se han almacenado junto a sal y algunos aditivos, que favorecen su conservaci\u00f3n en un tarro.<\/p>\n","protected":false},"featured_media":2247,"comment_status":"open","ping_status":"closed","template":"","meta":{"_acf_changed":false,"site-sidebar-layout":"default","site-content-layout":"","ast-site-content-layout":"default","site-content-style":"default","site-sidebar-style":"default","ast-global-header-display":"","ast-banner-title-visibility":"","ast-main-header-display":"","ast-hfb-above-header-display":"","ast-hfb-below-header-display":"","ast-hfb-mobile-header-display":"","site-post-title":"","ast-breadcrumbs-content":"","ast-featured-img":"","footer-sml-layout":"","ast-disable-related-posts":"","theme-transparent-header-meta":"default","adv-header-id-meta":"","stick-header-meta":"","header-above-stick-meta":"","header-main-stick-meta":"","header-below-stick-meta":"","astra-migrate-meta-layouts":"set","ast-page-background-enabled":"default","ast-page-background-meta":{"desktop":{"background-color":"var(--ast-global-color-4)","background-image":"","background-repeat":"repeat","background-position":"center center","background-size":"auto","background-attachment":"scroll","background-type":"","background-media":"","overlay-type":"","overlay-color":"","overlay-opacity":"","overlay-gradient":""},"tablet":{"background-color":"","background-image":"","background-repeat":"repeat","background-position":"center center","background-size":"auto","background-attachment":"scroll","background-type":"","background-media":"","overlay-type":"","overlay-color":"","overlay-opacity":"","overlay-gradient":""},"mobile":{"background-color":"","background-image":"","background-repeat":"repeat","background-position":"center center","background-size":"auto","background-attachment":"scroll","background-type":"","background-media":"","overlay-type":"","overlay-color":"","overlay-opacity":"","overlay-gradient":""}},"ast-content-background-meta":{"desktop":{"background-color":"var(--ast-global-color-5)","background-image":"","background-repeat":"repeat","background-position":"center center","background-size":"auto","background-attachment":"scroll","background-type":"","background-media":"","overlay-type":"","overlay-color":"","overlay-opacity":"","overlay-gradient":""},"tablet":{"background-color":"var(--ast-global-color-5)","background-image":"","background-repeat":"repeat","background-position":"center center","background-size":"auto","background-attachment":"scroll","background-type":"","background-media":"","overlay-type":"","overlay-color":"","overlay-opacity":"","overlay-gradient":""},"mobile":{"background-color":"var(--ast-global-color-5)","background-image":"","background-repeat":"repeat","background-position":"center center","background-size":"auto","background-attachment":"scroll","background-type":"","background-media":"","overlay-type":"","overlay-color":"","overlay-opacity":"","overlay-gradient":""}}},"product_brand":[],"product_cat":[150],"product_tag":[],"class_list":{"0":"post-2246","1":"product","2":"type-product","3":"status-publish","4":"has-post-thumbnail","6":"product_cat-legumbres-cocidas","7":"desktop-align-left","8":"tablet-align-left","9":"mobile-align-left","11":"first","12":"instock","13":"shipping-taxable","14":"product-type-simple"},"acf":[],"yoast_head":"<!-- This site is optimized with the Yoast SEO plugin v27.2 - https:\/\/yoast.com\/product\/yoast-seo-wordpress\/ -->\n<title>Alubia Pintas Cocidas - Alimentos La Pedriza<\/title>\n<meta name=\"robots\" content=\"index, follow, max-snippet:-1, max-image-preview:large, max-video-preview:-1\" \/>\n<link rel=\"canonical\" href=\"https:\/\/www.alimentoslapedriza.com\/fr\/producto\/alubia-pinta-cocida\/\" \/>\n<meta property=\"og:locale\" content=\"es_ES\" \/>\n<meta property=\"og:type\" content=\"article\" \/>\n<meta property=\"og:title\" content=\"Alubia Pintas Cocidas - Alimentos La Pedriza\" \/>\n<meta property=\"og:description\" content=\"Las Alubias Pintas de bote no son m\u00e1s que una versi\u00f3n lista para consumir de la alubia pinta seca, pues ya han pasado por un proceso de cocci\u00f3n a nivel industrial y se han almacenado junto a sal y algunos aditivos, que favorecen su conservaci\u00f3n en un tarro.\" \/>\n<meta property=\"og:url\" content=\"https:\/\/www.alimentoslapedriza.com\/fr\/producto\/alubia-pinta-cocida\/\" \/>\n<meta property=\"og:site_name\" content=\"Alimentos La Pedriza\" \/>\n<meta property=\"article:modified_time\" content=\"2023-10-17T07:14:28+00:00\" \/>\n<meta property=\"og:image\" content=\"https:\/\/www.alimentoslapedriza.com\/fr\/wp-content\/uploads\/sites\/12\/2023\/09\/Alubia-pinta-cocida_productos.jpg\" \/>\n\t<meta property=\"og:image:width\" content=\"700\" \/>\n\t<meta property=\"og:image:height\" content=\"700\" \/>\n\t<meta property=\"og:image:type\" content=\"image\/jpeg\" \/>\n<meta name=\"twitter:card\" content=\"summary_large_image\" \/>\n<script type=\"application\/ld+json\" class=\"yoast-schema-graph\">{\"@context\":\"https:\/\/schema.org\",\"@graph\":[{\"@type\":\"WebPage\",\"@id\":\"https:\/\/www.alimentoslapedriza.com\/fr\/producto\/alubia-pinta-cocida\/\",\"url\":\"https:\/\/www.alimentoslapedriza.com\/fr\/producto\/alubia-pinta-cocida\/\",\"name\":\"Alubia Pintas Cocidas - Alimentos La Pedriza\",\"isPartOf\":{\"@id\":\"https:\/\/www.alimentoslapedriza.com\/fr\/#website\"},\"primaryImageOfPage\":{\"@id\":\"https:\/\/www.alimentoslapedriza.com\/fr\/producto\/alubia-pinta-cocida\/#primaryimage\"},\"image\":{\"@id\":\"https:\/\/www.alimentoslapedriza.com\/fr\/producto\/alubia-pinta-cocida\/#primaryimage\"},\"thumbnailUrl\":\"https:\/\/www.alimentoslapedriza.com\/fr\/wp-content\/uploads\/sites\/12\/2023\/09\/Alubia-pinta-cocida_productos.jpg\",\"datePublished\":\"2023-09-22T11:41:53+00:00\",\"dateModified\":\"2023-10-17T07:14:28+00:00\",\"breadcrumb\":{\"@id\":\"https:\/\/www.alimentoslapedriza.com\/fr\/producto\/alubia-pinta-cocida\/#breadcrumb\"},\"inLanguage\":\"es\",\"potentialAction\":[{\"@type\":\"ReadAction\",\"target\":[\"https:\/\/www.alimentoslapedriza.com\/fr\/producto\/alubia-pinta-cocida\/\"]}]},{\"@type\":\"ImageObject\",\"inLanguage\":\"es\",\"@id\":\"https:\/\/www.alimentoslapedriza.com\/fr\/producto\/alubia-pinta-cocida\/#primaryimage\",\"url\":\"https:\/\/www.alimentoslapedriza.com\/fr\/wp-content\/uploads\/sites\/12\/2023\/09\/Alubia-pinta-cocida_productos.jpg\",\"contentUrl\":\"https:\/\/www.alimentoslapedriza.com\/fr\/wp-content\/uploads\/sites\/12\/2023\/09\/Alubia-pinta-cocida_productos.jpg\",\"width\":700,\"height\":700},{\"@type\":\"BreadcrumbList\",\"@id\":\"https:\/\/www.alimentoslapedriza.com\/fr\/producto\/alubia-pinta-cocida\/#breadcrumb\",\"itemListElement\":[{\"@type\":\"ListItem\",\"position\":1,\"name\":\"Portada\",\"item\":\"https:\/\/www.alimentoslapedriza.com\/fr\/\"},{\"@type\":\"ListItem\",\"position\":2,\"name\":\"Productos\",\"item\":\"https:\/\/www.alimentoslapedriza.com\/fr\/tienda__trashed\/\"},{\"@type\":\"ListItem\",\"position\":3,\"name\":\"Alubia Pintas Cocidas\"}]},{\"@type\":\"WebSite\",\"@id\":\"https:\/\/www.alimentoslapedriza.com\/fr\/#website\",\"url\":\"https:\/\/www.alimentoslapedriza.com\/fr\/\",\"name\":\"Alimentos La Pedriza\",\"description\":\"Legumbres La Pedriza | Prenez votre temps\",\"publisher\":{\"@id\":\"https:\/\/www.alimentoslapedriza.com\/fr\/#organization\"},\"potentialAction\":[{\"@type\":\"SearchAction\",\"target\":{\"@type\":\"EntryPoint\",\"urlTemplate\":\"https:\/\/www.alimentoslapedriza.com\/fr\/?s={search_term_string}\"},\"query-input\":{\"@type\":\"PropertyValueSpecification\",\"valueRequired\":true,\"valueName\":\"search_term_string\"}}],\"inLanguage\":\"es\"},{\"@type\":\"Organization\",\"@id\":\"https:\/\/www.alimentoslapedriza.com\/fr\/#organization\",\"name\":\"Alimentos La Pedriza\",\"url\":\"https:\/\/www.alimentoslapedriza.com\/fr\/\",\"logo\":{\"@type\":\"ImageObject\",\"inLanguage\":\"es\",\"@id\":\"https:\/\/www.alimentoslapedriza.com\/fr\/#\/schema\/logo\/image\/\",\"url\":\"https:\/\/www.alimentoslapedriza.com\/fr\/wp-content\/uploads\/sites\/12\/2023\/08\/Logo-casa-vertical-26.png\",\"contentUrl\":\"https:\/\/www.alimentoslapedriza.com\/fr\/wp-content\/uploads\/sites\/12\/2023\/08\/Logo-casa-vertical-26.png\",\"width\":512,\"height\":398,\"caption\":\"Alimentos La Pedriza\"},\"image\":{\"@id\":\"https:\/\/www.alimentoslapedriza.com\/fr\/#\/schema\/logo\/image\/\"}}]}<\/script>\n<!-- \/ Yoast SEO plugin. -->","yoast_head_json":{"title":"Alubia Pintas Cocidas - Alimentos La Pedriza","robots":{"index":"index","follow":"follow","max-snippet":"max-snippet:-1","max-image-preview":"max-image-preview:large","max-video-preview":"max-video-preview:-1"},"canonical":"https:\/\/www.alimentoslapedriza.com\/fr\/producto\/alubia-pinta-cocida\/","og_locale":"es_ES","og_type":"article","og_title":"Alubia Pintas Cocidas - Alimentos La Pedriza","og_description":"Las Alubias Pintas de bote no son m\u00e1s que una versi\u00f3n lista para consumir de la alubia pinta seca, pues ya han pasado por un proceso de cocci\u00f3n a nivel industrial y se han almacenado junto a sal y algunos aditivos, que favorecen su conservaci\u00f3n en un tarro.","og_url":"https:\/\/www.alimentoslapedriza.com\/fr\/producto\/alubia-pinta-cocida\/","og_site_name":"Alimentos La Pedriza","article_modified_time":"2023-10-17T07:14:28+00:00","og_image":[{"width":700,"height":700,"url":"https:\/\/www.alimentoslapedriza.com\/fr\/wp-content\/uploads\/sites\/12\/2023\/09\/Alubia-pinta-cocida_productos.jpg","type":"image\/jpeg"}],"twitter_card":"summary_large_image","schema":{"@context":"https:\/\/schema.org","@graph":[{"@type":"WebPage","@id":"https:\/\/www.alimentoslapedriza.com\/fr\/producto\/alubia-pinta-cocida\/","url":"https:\/\/www.alimentoslapedriza.com\/fr\/producto\/alubia-pinta-cocida\/","name":"Alubia Pintas Cocidas - Alimentos La Pedriza","isPartOf":{"@id":"https:\/\/www.alimentoslapedriza.com\/fr\/#website"},"primaryImageOfPage":{"@id":"https:\/\/www.alimentoslapedriza.com\/fr\/producto\/alubia-pinta-cocida\/#primaryimage"},"image":{"@id":"https:\/\/www.alimentoslapedriza.com\/fr\/producto\/alubia-pinta-cocida\/#primaryimage"},"thumbnailUrl":"https:\/\/www.alimentoslapedriza.com\/fr\/wp-content\/uploads\/sites\/12\/2023\/09\/Alubia-pinta-cocida_productos.jpg","datePublished":"2023-09-22T11:41:53+00:00","dateModified":"2023-10-17T07:14:28+00:00","breadcrumb":{"@id":"https:\/\/www.alimentoslapedriza.com\/fr\/producto\/alubia-pinta-cocida\/#breadcrumb"},"inLanguage":"es","potentialAction":[{"@type":"ReadAction","target":["https:\/\/www.alimentoslapedriza.com\/fr\/producto\/alubia-pinta-cocida\/"]}]},{"@type":"ImageObject","inLanguage":"es","@id":"https:\/\/www.alimentoslapedriza.com\/fr\/producto\/alubia-pinta-cocida\/#primaryimage","url":"https:\/\/www.alimentoslapedriza.com\/fr\/wp-content\/uploads\/sites\/12\/2023\/09\/Alubia-pinta-cocida_productos.jpg","contentUrl":"https:\/\/www.alimentoslapedriza.com\/fr\/wp-content\/uploads\/sites\/12\/2023\/09\/Alubia-pinta-cocida_productos.jpg","width":700,"height":700},{"@type":"BreadcrumbList","@id":"https:\/\/www.alimentoslapedriza.com\/fr\/producto\/alubia-pinta-cocida\/#breadcrumb","itemListElement":[{"@type":"ListItem","position":1,"name":"Portada","item":"https:\/\/www.alimentoslapedriza.com\/fr\/"},{"@type":"ListItem","position":2,"name":"Productos","item":"https:\/\/www.alimentoslapedriza.com\/fr\/tienda__trashed\/"},{"@type":"ListItem","position":3,"name":"Alubia Pintas Cocidas"}]},{"@type":"WebSite","@id":"https:\/\/www.alimentoslapedriza.com\/fr\/#website","url":"https:\/\/www.alimentoslapedriza.com\/fr\/","name":"Alimentos La Pedriza","description":"Legumbres La Pedriza | Prenez votre temps","publisher":{"@id":"https:\/\/www.alimentoslapedriza.com\/fr\/#organization"},"potentialAction":[{"@type":"SearchAction","target":{"@type":"EntryPoint","urlTemplate":"https:\/\/www.alimentoslapedriza.com\/fr\/?s={search_term_string}"},"query-input":{"@type":"PropertyValueSpecification","valueRequired":true,"valueName":"search_term_string"}}],"inLanguage":"es"},{"@type":"Organization","@id":"https:\/\/www.alimentoslapedriza.com\/fr\/#organization","name":"Alimentos La Pedriza","url":"https:\/\/www.alimentoslapedriza.com\/fr\/","logo":{"@type":"ImageObject","inLanguage":"es","@id":"https:\/\/www.alimentoslapedriza.com\/fr\/#\/schema\/logo\/image\/","url":"https:\/\/www.alimentoslapedriza.com\/fr\/wp-content\/uploads\/sites\/12\/2023\/08\/Logo-casa-vertical-26.png","contentUrl":"https:\/\/www.alimentoslapedriza.com\/fr\/wp-content\/uploads\/sites\/12\/2023\/08\/Logo-casa-vertical-26.png","width":512,"height":398,"caption":"Alimentos La Pedriza"},"image":{"@id":"https:\/\/www.alimentoslapedriza.com\/fr\/#\/schema\/logo\/image\/"}}]}},"_links":{"self":[{"href":"https:\/\/www.alimentoslapedriza.com\/fr\/wp-json\/wp\/v2\/product\/2246","targetHints":{"allow":["GET"]}}],"collection":[{"href":"https:\/\/www.alimentoslapedriza.com\/fr\/wp-json\/wp\/v2\/product"}],"about":[{"href":"https:\/\/www.alimentoslapedriza.com\/fr\/wp-json\/wp\/v2\/types\/product"}],"replies":[{"embeddable":true,"href":"https:\/\/www.alimentoslapedriza.com\/fr\/wp-json\/wp\/v2\/comments?post=2246"}],"wp:featuredmedia":[{"embeddable":true,"href":"https:\/\/www.alimentoslapedriza.com\/fr\/wp-json\/wp\/v2\/media\/2247"}],"wp:attachment":[{"href":"https:\/\/www.alimentoslapedriza.com\/fr\/wp-json\/wp\/v2\/media?parent=2246"}],"wp:term":[{"taxonomy":"product_brand","embeddable":true,"href":"https:\/\/www.alimentoslapedriza.com\/fr\/wp-json\/wp\/v2\/product_brand?post=2246"},{"taxonomy":"product_cat","embeddable":true,"href":"https:\/\/www.alimentoslapedriza.com\/fr\/wp-json\/wp\/v2\/product_cat?post=2246"},{"taxonomy":"product_tag","embeddable":true,"href":"https:\/\/www.alimentoslapedriza.com\/fr\/wp-json\/wp\/v2\/product_tag?post=2246"}],"curies":[{"name":"wp","href":"https:\/\/api.w.org\/{rel}","templated":true}]}}