{"id":1641,"date":"2023-09-19T09:38:12","date_gmt":"2023-09-19T07:38:12","guid":{"rendered":"https:\/\/www.alimentoslapedriza.com\/?page_id=1641"},"modified":"2023-10-11T10:51:33","modified_gmt":"2023-10-11T08:51:33","slug":"quieres-lanzar-tu-marca","status":"publish","type":"page","link":"https:\/\/www.alimentoslapedriza.com\/fr\/quieres-lanzar-tu-marca\/","title":{"rendered":"\u00bfQuieres lanzar tu marca?"},"content":{"rendered":"\t\t<div data-elementor-type=\"wp-page\" data-elementor-id=\"1641\" class=\"elementor elementor-1641\" data-elementor-post-type=\"page\">\n\t\t\t\t\t\t<section class=\"elementor-section elementor-top-section elementor-element elementor-element-75072db5 elementor-section-boxed elementor-section-height-default elementor-section-height-default\" data-id=\"75072db5\" data-element_type=\"section\" data-e-type=\"section\" data-settings=\"{&quot;background_background&quot;:&quot;classic&quot;}\">\n\t\t\t\t\t\t<div class=\"elementor-container elementor-column-gap-default\">\n\t\t\t\t\t<div class=\"elementor-column elementor-col-100 elementor-top-column elementor-element elementor-element-4eb70f46\" data-id=\"4eb70f46\" data-element_type=\"column\" data-e-type=\"column\">\n\t\t\t<div class=\"elementor-widget-wrap elementor-element-populated\">\n\t\t\t\t\t\t<div class=\"elementor-element elementor-element-50b376b1 elementor-widget elementor-widget-heading\" data-id=\"50b376b1\" data-element_type=\"widget\" data-e-type=\"widget\" data-widget_type=\"heading.default\">\n\t\t\t\t<div class=\"elementor-widget-container\">\n\t\t\t\t\t<h2 class=\"elementor-heading-title elementor-size-default\">LANZA TU MARCA<\/h2>\t\t\t\t<\/div>\n\t\t\t\t<\/div>\n\t\t\t\t\t<\/div>\n\t\t<\/div>\n\t\t\t\t\t<\/div>\n\t\t<\/section>\n\t\t\t\t<section class=\"elementor-section elementor-top-section elementor-element elementor-element-20731d6b elementor-section-boxed elementor-section-height-default elementor-section-height-default\" data-id=\"20731d6b\" data-element_type=\"section\" data-e-type=\"section\" data-settings=\"{&quot;background_background&quot;:&quot;classic&quot;}\">\n\t\t\t\t\t\t\t<div class=\"elementor-background-overlay\"><\/div>\n\t\t\t\t\t\t\t<div class=\"elementor-container elementor-column-gap-default\">\n\t\t\t\t\t<div class=\"elementor-column elementor-col-100 elementor-top-column elementor-element elementor-element-4b9dd5fb\" data-id=\"4b9dd5fb\" data-element_type=\"column\" data-e-type=\"column\">\n\t\t\t<div class=\"elementor-widget-wrap elementor-element-populated\">\n\t\t\t\t\t\t<div class=\"elementor-element elementor-element-fe1a14b elementor-widget elementor-widget-heading\" data-id=\"fe1a14b\" data-element_type=\"widget\" data-e-type=\"widget\" data-widget_type=\"heading.default\">\n\t\t\t\t<div class=\"elementor-widget-container\">\n\t\t\t\t\t<h2 class=\"elementor-heading-title elementor-size-default\">Vous souhaitez lancer votre marque ?<\/h2>\t\t\t\t<\/div>\n\t\t\t\t<\/div>\n\t\t\t\t<section class=\"elementor-section elementor-inner-section elementor-element elementor-element-564745c elementor-section-boxed elementor-section-height-default elementor-section-height-default\" data-id=\"564745c\" data-element_type=\"section\" data-e-type=\"section\">\n\t\t\t\t\t\t<div class=\"elementor-container elementor-column-gap-default\">\n\t\t\t\t\t<div class=\"elementor-column elementor-col-50 elementor-inner-column elementor-element elementor-element-07a2bf9\" data-id=\"07a2bf9\" data-element_type=\"column\" data-e-type=\"column\">\n\t\t\t<div class=\"elementor-widget-wrap elementor-element-populated\">\n\t\t\t\t\t\t<div class=\"elementor-element elementor-element-eceaa30 elementor-widget elementor-widget-text-editor\" data-id=\"eceaa30\" data-element_type=\"widget\" data-e-type=\"widget\" data-widget_type=\"text-editor.default\">\n\t\t\t\t<div class=\"elementor-widget-container\">\n\t\t\t\t\t\t\t\t\t<p>Nous vous offrons la possibilit\u00e9 de cr\u00e9er votre propre marque ou de produire vos propres produits avec nous. Qu&#8217;il s&#8217;agisse de l\u00e9gumes secs (1 Kg, 2Kg, 5Kg, 500 Grs) ou de l\u00e9gumes cuits (560 Grs, 370 Grs, 290 Grs), nous disposons d&#8217;une grande vari\u00e9t\u00e9 de formats.<\/p><p>Si vous souhaitez que nous fabriquions votre propre marque de l\u00e9gumes secs, contactez-nous et nous commencerons imm\u00e9diatement. Qu&#8217;il s&#8217;agisse de marques destin\u00e9es au march\u00e9 international ou national (arabe, fran\u00e7ais, espagnol, anglais, etc.). Nous nous adaptons \u00e0 tous les types de design.<\/p><p>Conseils personnalis\u00e9s<\/p><p>\u2022 Nous vous aidons dans le processus de cr\u00e9ation ou de mise \u00e0 jour de l&#8217;identit\u00e9 visuelle de votre marque.<\/p><p>\u2022 Choisissez parmi toutes les vari\u00e9t\u00e9s de l\u00e9gumes secs disponibles dans notre catalogue.<\/p><p>\u2022 Choisissez l&#8217;emballage et le design qui s&#8217;adaptent le mieux aux besoins de votre entreprise.<\/p>\t\t\t\t\t\t\t\t<\/div>\n\t\t\t\t<\/div>\n\t\t\t\t<div class=\"elementor-element elementor-element-85eb744 elementor-hidden-mobile elementor-widget elementor-widget-text-editor\" data-id=\"85eb744\" data-element_type=\"widget\" data-e-type=\"widget\" data-widget_type=\"text-editor.default\">\n\t\t\t\t<div class=\"elementor-widget-container\">\n\t\t\t\t\t\t\t\t\t<p>De acuerdo con lo establecido por la Ley Org\u00e1nica de Protecci\u00f3n de datos 3\/2018 del 5 de diciembre y el Reglamento (UE) 2016\/679 del Parlamento Europeo (RGPD) y del Consejo de 27 de abril de 2016, el cliente\/usuario queda informado y presta su consentimiento inequ\u00edvoco a la incorporaci\u00f3n de sus datos a un fichero del que es responsable ALIMENTOS LA PEDRIZA, S.L., con la finalidad de dar respuesta a las dudas que pueda tener sobre nuestros servicios, as\u00ed como el env\u00edo de comunicaciones comerciales sobre los mismos.<br \/>Le informamos tambi\u00e9n sobre sus derechos de acceso, rectificaci\u00f3n, supresi\u00f3n y otros derechos, que podr\u00e1 ejercer a trav\u00e9s de Le informamos tambi\u00e9n que los datos personales suministrados no ser\u00e1n cedidos ni comunicados, ni siquiera para su conservaci\u00f3n, a terceras personas.<\/p>\t\t\t\t\t\t\t\t<\/div>\n\t\t\t\t<\/div>\n\t\t\t\t\t<\/div>\n\t\t<\/div>\n\t\t\t\t<div class=\"elementor-column elementor-col-50 elementor-inner-column elementor-element elementor-element-2a0ba21\" data-id=\"2a0ba21\" data-element_type=\"column\" data-e-type=\"column\">\n\t\t\t<div class=\"elementor-widget-wrap elementor-element-populated\">\n\t\t\t\t\t\t<div class=\"elementor-element elementor-element-3bcd103 elementor-widget elementor-widget-shortcode\" data-id=\"3bcd103\" data-element_type=\"widget\" data-e-type=\"widget\" data-widget_type=\"shortcode.default\">\n\t\t\t\t<div class=\"elementor-widget-container\">\n\t\t\t\t\t\t\t<div class=\"elementor-shortcode\">\n<div class=\"wpcf7 no-js\" id=\"wpcf7-f1509-o1\" lang=\"es-ES\" dir=\"ltr\" data-wpcf7-id=\"1509\">\n<div class=\"screen-reader-response\"><p role=\"status\" aria-live=\"polite\" aria-atomic=\"true\"><\/p> <ul><\/ul><\/div>\n<form action=\"\/fr\/wp-json\/wp\/v2\/pages\/1641#wpcf7-f1509-o1\" method=\"post\" class=\"wpcf7-form init\" aria-label=\"Formulario de contacto\" novalidate=\"novalidate\" data-status=\"init\">\n<fieldset class=\"hidden-fields-container\"><input type=\"hidden\" name=\"_wpcf7\" value=\"1509\" \/><input type=\"hidden\" name=\"_wpcf7_version\" value=\"6.1.5\" \/><input type=\"hidden\" name=\"_wpcf7_locale\" value=\"es_ES\" \/><input type=\"hidden\" name=\"_wpcf7_unit_tag\" value=\"wpcf7-f1509-o1\" \/><input type=\"hidden\" name=\"_wpcf7_container_post\" value=\"0\" \/><input type=\"hidden\" name=\"_wpcf7_posted_data_hash\" value=\"\" \/><input type=\"hidden\" name=\"_wpcf7_recaptcha_response\" value=\"\" \/>\n<\/fieldset>\n<div id=\"responsive-form\" class=\"clearfix\">\n\t<div class=\"form-row\">\n\t\t<div class=\"column-half\">\n\t\t\t<p>\ud83d\udc64 Votre nom<br \/>\n<span class=\"wpcf7-form-control-wrap\" data-name=\"your-name\"><input size=\"40\" maxlength=\"400\" class=\"wpcf7-form-control wpcf7-text wpcf7-validates-as-required\" autocomplete=\"name\" aria-required=\"true\" aria-invalid=\"false\" value=\"\" type=\"text\" name=\"your-name\" \/><\/span>\n\t\t\t<\/p>\n\t\t<\/div>\n\t\t<div class=\"column-half\">\n\t\t\t<p>\ud83c\udfe2 Entreprise (opcional)<br \/>\n<span class=\"wpcf7-form-control-wrap\" data-name=\"empresa\"><input size=\"40\" maxlength=\"400\" class=\"wpcf7-form-control wpcf7-text\" aria-invalid=\"false\" value=\"\" type=\"text\" name=\"empresa\" \/><\/span>\n\t\t\t<\/p>\n\t\t<\/div>\n\t<\/div>\n\t<div class=\"form-row\">\n\t\t<div class=\"column-half\">\n\t\t\t<p>\ud83d\udcde T\u00e9l\u00e9phone<br \/>\n<span class=\"wpcf7-form-control-wrap\" data-name=\"telefono\"><input size=\"40\" maxlength=\"400\" class=\"wpcf7-form-control wpcf7-tel wpcf7-validates-as-required wpcf7-text wpcf7-validates-as-tel\" aria-required=\"true\" aria-invalid=\"false\" value=\"\" type=\"tel\" name=\"telefono\" \/><\/span>\n\t\t\t<\/p>\n\t\t<\/div>\n\t\t<div class=\"column-half\">\n\t\t\t<p>\ud83d\udce7 Votre adresse \u00e9lectronique<br \/>\n<span class=\"wpcf7-form-control-wrap\" data-name=\"your-email\"><input size=\"40\" maxlength=\"400\" class=\"wpcf7-form-control wpcf7-email wpcf7-validates-as-required wpcf7-text wpcf7-validates-as-email\" autocomplete=\"email\" aria-required=\"true\" aria-invalid=\"false\" value=\"\" type=\"email\" name=\"your-email\" \/><\/span>\n\t\t\t<\/p>\n\t\t<\/div>\n\t<\/div>\n\t<div class=\"column-full\">\n\t\t<p><span class=\"wpcf7-form-control-wrap\" data-name=\"opciones\"><select class=\"wpcf7-form-control wpcf7-select wpcf7-validates-as-required\" aria-required=\"true\" aria-invalid=\"false\" name=\"opciones\"><option value=\"Apportez votre pouls, nous l&#039;emballons et l&#039;\u00e9tiquetons\">Apportez votre pouls, nous l&#039;emballons et l&#039;\u00e9tiquetons<\/option><option value=\"Choisissez le pouls que vous voulez et nous le personnalisons pour vous\">Choisissez le pouls que vous voulez et nous le personnalisons pour vous<\/option><\/select><\/span>\n\t\t<\/p>\n\t<\/div>\n\t<div class=\"column-full\">\n\t\t<p>\ud83d\udcce Sujet<br \/>\n<span class=\"wpcf7-form-control-wrap\" data-name=\"your-subject\"><input size=\"40\" maxlength=\"400\" class=\"wpcf7-form-control wpcf7-text wpcf7-validates-as-required\" aria-required=\"true\" aria-invalid=\"false\" value=\"\" type=\"text\" name=\"your-subject\" \/><\/span>\n\t\t<\/p>\n\t<\/div>\n\t<div class=\"column-full\">\n\t\t<p>\ud83d\udcc4 Votre message<br \/>\n<span class=\"wpcf7-form-control-wrap\" data-name=\"your-message\"><textarea cols=\"40\" rows=\"10\" maxlength=\"2000\" class=\"wpcf7-form-control wpcf7-textarea wpcf7-validates-as-required\" aria-required=\"true\" aria-invalid=\"false\" name=\"your-message\"><\/textarea><\/span>\n\t\t<\/p>\n\t<\/div>\n<\/div>\n<div class=\"column-full\">\n\t<p><span class=\"wpcf7-form-control-wrap\" data-name=\"acceptance-314\"><span class=\"wpcf7-form-control wpcf7-acceptance\"><span class=\"wpcf7-list-item\"><label><input type=\"checkbox\" name=\"acceptance-314\" value=\"1\" aria-invalid=\"false\" \/><span class=\"wpcf7-list-item-label\">J'accepte <a href=\"https:\/\/www.alimentoslapedriza.com\/fr\/politica-de-privacidad\/\" target=\"_blank\">Politique de confidentialit\u00e9<\/a> et <a href=\"https:\/\/www.alimentoslapedriza.com\/fr\/aviso-legal\/\" target=\"_blank\">Avis juridique<\/a><\/span><\/label><\/span><\/span><\/span>\n\t<\/p>\n<\/div>\n<div class=\"form-row\">\n\t<div class=\"column-full\">\n\t\t<p><input class=\"wpcf7-form-control wpcf7-submit has-spinner\" type=\"submit\" value=\"Envoyer \u27a4\" \/>\n\t\t<\/p>\n\t<\/div>\n<\/div>\n\n\n\n<!--end responsive-form--><div class=\"wpcf7-response-output\" aria-hidden=\"true\"><\/div>\n<\/form>\n<\/div>\n<\/div>\n\t\t\t\t\t\t<\/div>\n\t\t\t\t<\/div>\n\t\t\t\t<div class=\"elementor-element elementor-element-f62a2dd elementor-hidden-desktop elementor-hidden-tablet elementor-widget elementor-widget-text-editor\" data-id=\"f62a2dd\" data-element_type=\"widget\" data-e-type=\"widget\" data-widget_type=\"text-editor.default\">\n\t\t\t\t<div class=\"elementor-widget-container\">\n\t\t\t\t\t\t\t\t\t<p>De acuerdo con lo establecido por la Ley Org\u00e1nica de Protecci\u00f3n de datos 3\/2018 del 5 de diciembre y el Reglamento (UE) 2016\/679 del Parlamento Europeo (RGPD) y del Consejo de 27 de abril de 2016, el cliente\/usuario queda informado y presta su consentimiento inequ\u00edvoco a la incorporaci\u00f3n de sus datos a un fichero del que es responsable ALIMENTOS LA PEDRIZA, S.L., con la finalidad de dar respuesta a las dudas que pueda tener sobre nuestros servicios, as\u00ed como el env\u00edo de comunicaciones comerciales sobre los mismos.<br \/>Le informamos tambi\u00e9n sobre sus derechos de acceso, rectificaci\u00f3n, supresi\u00f3n y otros derechos, que podr\u00e1 ejercer a trav\u00e9s de Le informamos tambi\u00e9n que los datos personales suministrados no ser\u00e1n cedidos ni comunicados, ni siquiera para su conservaci\u00f3n, a terceras personas.<\/p>\t\t\t\t\t\t\t\t<\/div>\n\t\t\t\t<\/div>\n\t\t\t\t\t<\/div>\n\t\t<\/div>\n\t\t\t\t\t<\/div>\n\t\t<\/section>\n\t\t\t\t\t<\/div>\n\t\t<\/div>\n\t\t\t\t\t<\/div>\n\t\t<\/section>\n\t\t\t\t<\/div>\n\t\t","protected":false},"excerpt":{"rendered":"<p>LANZA TU MARCA Vous souhaitez lancer votre marque ? Nous vous offrons la possibilit\u00e9 de cr\u00e9er votre propre marque ou de produire vos propres produits avec nous. Qu&#8217;il s&#8217;agisse de l\u00e9gumes secs (1 Kg, 2Kg, 5Kg, 500 Grs) ou de l\u00e9gumes cuits (560 Grs, 370 Grs, 290 Grs), nous disposons d&#8217;une grande vari\u00e9t\u00e9 de formats. [&hellip;]<\/p>\n","protected":false},"author":1,"featured_media":0,"parent":0,"menu_order":0,"comment_status":"closed","ping_status":"closed","template":"","meta":{"_acf_changed":false,"site-sidebar-layout":"no-sidebar","site-content-layout":"page-builder","ast-site-content-layout":"full-width-container","site-content-style":"default","site-sidebar-style":"default","ast-global-header-display":"","ast-banner-title-visibility":"","ast-main-header-display":"","ast-hfb-above-header-display":"","ast-hfb-below-header-display":"","ast-hfb-mobile-header-display":"","site-post-title":"disabled","ast-breadcrumbs-content":"","ast-featured-img":"disabled","footer-sml-layout":"","ast-disable-related-posts":"","theme-transparent-header-meta":"default","adv-header-id-meta":"","stick-header-meta":"","header-above-stick-meta":"","header-main-stick-meta":"","header-below-stick-meta":"","astra-migrate-meta-layouts":"set","ast-page-background-enabled":"default","ast-page-background-meta":{"desktop":{"background-color":"var(--ast-global-color-4)","background-image":"","background-repeat":"repeat","background-position":"center center","background-size":"auto","background-attachment":"scroll","background-type":"","background-media":"","overlay-type":"","overlay-color":"","overlay-opacity":"","overlay-gradient":""},"tablet":{"background-color":"","background-image":"","background-repeat":"repeat","background-position":"center center","background-size":"auto","background-attachment":"scroll","background-type":"","background-media":"","overlay-type":"","overlay-color":"","overlay-opacity":"","overlay-gradient":""},"mobile":{"background-color":"","background-image":"","background-repeat":"repeat","background-position":"center center","background-size":"auto","background-attachment":"scroll","background-type":"","background-media":"","overlay-type":"","overlay-color":"","overlay-opacity":"","overlay-gradient":""}},"ast-content-background-meta":{"desktop":{"background-color":"var(--ast-global-color-5)","background-image":"","background-repeat":"repeat","background-position":"center center","background-size":"auto","background-attachment":"scroll","background-type":"","background-media":"","overlay-type":"","overlay-color":"","overlay-opacity":"","overlay-gradient":""},"tablet":{"background-color":"var(--ast-global-color-5)","background-image":"","background-repeat":"repeat","background-position":"center center","background-size":"auto","background-attachment":"scroll","background-type":"","background-media":"","overlay-type":"","overlay-color":"","overlay-opacity":"","overlay-gradient":""},"mobile":{"background-color":"var(--ast-global-color-5)","background-image":"","background-repeat":"repeat","background-position":"center center","background-size":"auto","background-attachment":"scroll","background-type":"","background-media":"","overlay-type":"","overlay-color":"","overlay-opacity":"","overlay-gradient":""}},"footnotes":""},"class_list":["post-1641","page","type-page","status-publish","hentry"],"acf":[],"yoast_head":"<!-- This site is optimized with the Yoast SEO plugin v27.4 - https:\/\/yoast.com\/product\/yoast-seo-wordpress\/ -->\n<title>\u00bfQuieres lanzar tu marca? - Alimentos La Pedriza<\/title>\n<meta name=\"robots\" content=\"index, follow, max-snippet:-1, max-image-preview:large, max-video-preview:-1\" \/>\n<link rel=\"canonical\" href=\"https:\/\/www.alimentoslapedriza.com\/fr\/quieres-lanzar-tu-marca\/\" \/>\n<meta property=\"og:locale\" content=\"es_ES\" \/>\n<meta property=\"og:type\" content=\"article\" \/>\n<meta property=\"og:title\" content=\"\u00bfQuieres lanzar tu marca? - Alimentos La Pedriza\" \/>\n<meta property=\"og:description\" content=\"LANZA TU MARCA Vous souhaitez lancer votre marque ? Nous vous offrons la possibilit\u00e9 de cr\u00e9er votre propre marque ou de produire vos propres produits avec nous. Qu&#8217;il s&#8217;agisse de l\u00e9gumes secs (1 Kg, 2Kg, 5Kg, 500 Grs) ou de l\u00e9gumes cuits (560 Grs, 370 Grs, 290 Grs), nous disposons d&#8217;une grande vari\u00e9t\u00e9 de formats. [&hellip;]\" \/>\n<meta property=\"og:url\" content=\"https:\/\/www.alimentoslapedriza.com\/fr\/quieres-lanzar-tu-marca\/\" \/>\n<meta property=\"og:site_name\" content=\"Alimentos La Pedriza\" \/>\n<meta property=\"article:modified_time\" content=\"2023-10-11T08:51:33+00:00\" \/>\n<meta property=\"og:image\" content=\"https:\/\/www.alimentoslapedriza.com\/fr\/wp-content\/uploads\/sites\/12\/2023\/09\/logo-casa-vertical.png\" \/>\n\t<meta property=\"og:image:width\" content=\"615\" \/>\n\t<meta property=\"og:image:height\" content=\"487\" \/>\n\t<meta property=\"og:image:type\" content=\"image\/png\" \/>\n<meta name=\"twitter:card\" content=\"summary_large_image\" \/>\n<meta name=\"twitter:label1\" content=\"Tiempo de lectura\" \/>\n\t<meta name=\"twitter:data1\" content=\"2 minutos\" \/>\n<script type=\"application\/ld+json\" class=\"yoast-schema-graph\">{\"@context\":\"https:\\\/\\\/schema.org\",\"@graph\":[{\"@type\":\"WebPage\",\"@id\":\"https:\\\/\\\/www.alimentoslapedriza.com\\\/fr\\\/quieres-lanzar-tu-marca\\\/\",\"url\":\"https:\\\/\\\/www.alimentoslapedriza.com\\\/fr\\\/quieres-lanzar-tu-marca\\\/\",\"name\":\"\u00bfQuieres lanzar tu marca? - Alimentos La Pedriza\",\"isPartOf\":{\"@id\":\"https:\\\/\\\/www.alimentoslapedriza.com\\\/fr\\\/#website\"},\"datePublished\":\"2023-09-19T07:38:12+00:00\",\"dateModified\":\"2023-10-11T08:51:33+00:00\",\"breadcrumb\":{\"@id\":\"https:\\\/\\\/www.alimentoslapedriza.com\\\/fr\\\/quieres-lanzar-tu-marca\\\/#breadcrumb\"},\"inLanguage\":\"es\",\"potentialAction\":[{\"@type\":\"ReadAction\",\"target\":[\"https:\\\/\\\/www.alimentoslapedriza.com\\\/fr\\\/quieres-lanzar-tu-marca\\\/\"]}]},{\"@type\":\"BreadcrumbList\",\"@id\":\"https:\\\/\\\/www.alimentoslapedriza.com\\\/fr\\\/quieres-lanzar-tu-marca\\\/#breadcrumb\",\"itemListElement\":[{\"@type\":\"ListItem\",\"position\":1,\"name\":\"Portada\",\"item\":\"https:\\\/\\\/www.alimentoslapedriza.com\\\/fr\\\/\"},{\"@type\":\"ListItem\",\"position\":2,\"name\":\"\u00bfQuieres lanzar tu marca?\"}]},{\"@type\":\"WebSite\",\"@id\":\"https:\\\/\\\/www.alimentoslapedriza.com\\\/fr\\\/#website\",\"url\":\"https:\\\/\\\/www.alimentoslapedriza.com\\\/fr\\\/\",\"name\":\"Alimentos La Pedriza\",\"description\":\"Legumbres La Pedriza | Prenez votre temps\",\"publisher\":{\"@id\":\"https:\\\/\\\/www.alimentoslapedriza.com\\\/fr\\\/#organization\"},\"potentialAction\":[{\"@type\":\"SearchAction\",\"target\":{\"@type\":\"EntryPoint\",\"urlTemplate\":\"https:\\\/\\\/www.alimentoslapedriza.com\\\/fr\\\/?s={search_term_string}\"},\"query-input\":{\"@type\":\"PropertyValueSpecification\",\"valueRequired\":true,\"valueName\":\"search_term_string\"}}],\"inLanguage\":\"es\"},{\"@type\":\"Organization\",\"@id\":\"https:\\\/\\\/www.alimentoslapedriza.com\\\/fr\\\/#organization\",\"name\":\"Alimentos La Pedriza\",\"url\":\"https:\\\/\\\/www.alimentoslapedriza.com\\\/fr\\\/\",\"logo\":{\"@type\":\"ImageObject\",\"inLanguage\":\"es\",\"@id\":\"https:\\\/\\\/www.alimentoslapedriza.com\\\/fr\\\/#\\\/schema\\\/logo\\\/image\\\/\",\"url\":\"https:\\\/\\\/www.alimentoslapedriza.com\\\/fr\\\/wp-content\\\/uploads\\\/sites\\\/12\\\/2023\\\/08\\\/Logo-casa-vertical-26.png\",\"contentUrl\":\"https:\\\/\\\/www.alimentoslapedriza.com\\\/fr\\\/wp-content\\\/uploads\\\/sites\\\/12\\\/2023\\\/08\\\/Logo-casa-vertical-26.png\",\"width\":512,\"height\":398,\"caption\":\"Alimentos La Pedriza\"},\"image\":{\"@id\":\"https:\\\/\\\/www.alimentoslapedriza.com\\\/fr\\\/#\\\/schema\\\/logo\\\/image\\\/\"}}]}<\/script>\n<!-- \/ Yoast SEO plugin. -->","yoast_head_json":{"title":"\u00bfQuieres lanzar tu marca? - Alimentos La Pedriza","robots":{"index":"index","follow":"follow","max-snippet":"max-snippet:-1","max-image-preview":"max-image-preview:large","max-video-preview":"max-video-preview:-1"},"canonical":"https:\/\/www.alimentoslapedriza.com\/fr\/quieres-lanzar-tu-marca\/","og_locale":"es_ES","og_type":"article","og_title":"\u00bfQuieres lanzar tu marca? - Alimentos La Pedriza","og_description":"LANZA TU MARCA Vous souhaitez lancer votre marque ? Nous vous offrons la possibilit\u00e9 de cr\u00e9er votre propre marque ou de produire vos propres produits avec nous. Qu&#8217;il s&#8217;agisse de l\u00e9gumes secs (1 Kg, 2Kg, 5Kg, 500 Grs) ou de l\u00e9gumes cuits (560 Grs, 370 Grs, 290 Grs), nous disposons d&#8217;une grande vari\u00e9t\u00e9 de formats. [&hellip;]","og_url":"https:\/\/www.alimentoslapedriza.com\/fr\/quieres-lanzar-tu-marca\/","og_site_name":"Alimentos La Pedriza","article_modified_time":"2023-10-11T08:51:33+00:00","og_image":[{"width":615,"height":487,"url":"https:\/\/www.alimentoslapedriza.com\/fr\/wp-content\/uploads\/sites\/12\/2023\/09\/logo-casa-vertical.png","type":"image\/png"}],"twitter_card":"summary_large_image","twitter_misc":{"Tiempo de lectura":"2 minutos"},"schema":{"@context":"https:\/\/schema.org","@graph":[{"@type":"WebPage","@id":"https:\/\/www.alimentoslapedriza.com\/fr\/quieres-lanzar-tu-marca\/","url":"https:\/\/www.alimentoslapedriza.com\/fr\/quieres-lanzar-tu-marca\/","name":"\u00bfQuieres lanzar tu marca? - Alimentos La Pedriza","isPartOf":{"@id":"https:\/\/www.alimentoslapedriza.com\/fr\/#website"},"datePublished":"2023-09-19T07:38:12+00:00","dateModified":"2023-10-11T08:51:33+00:00","breadcrumb":{"@id":"https:\/\/www.alimentoslapedriza.com\/fr\/quieres-lanzar-tu-marca\/#breadcrumb"},"inLanguage":"es","potentialAction":[{"@type":"ReadAction","target":["https:\/\/www.alimentoslapedriza.com\/fr\/quieres-lanzar-tu-marca\/"]}]},{"@type":"BreadcrumbList","@id":"https:\/\/www.alimentoslapedriza.com\/fr\/quieres-lanzar-tu-marca\/#breadcrumb","itemListElement":[{"@type":"ListItem","position":1,"name":"Portada","item":"https:\/\/www.alimentoslapedriza.com\/fr\/"},{"@type":"ListItem","position":2,"name":"\u00bfQuieres lanzar tu marca?"}]},{"@type":"WebSite","@id":"https:\/\/www.alimentoslapedriza.com\/fr\/#website","url":"https:\/\/www.alimentoslapedriza.com\/fr\/","name":"Alimentos La Pedriza","description":"Legumbres La Pedriza | Prenez votre temps","publisher":{"@id":"https:\/\/www.alimentoslapedriza.com\/fr\/#organization"},"potentialAction":[{"@type":"SearchAction","target":{"@type":"EntryPoint","urlTemplate":"https:\/\/www.alimentoslapedriza.com\/fr\/?s={search_term_string}"},"query-input":{"@type":"PropertyValueSpecification","valueRequired":true,"valueName":"search_term_string"}}],"inLanguage":"es"},{"@type":"Organization","@id":"https:\/\/www.alimentoslapedriza.com\/fr\/#organization","name":"Alimentos La Pedriza","url":"https:\/\/www.alimentoslapedriza.com\/fr\/","logo":{"@type":"ImageObject","inLanguage":"es","@id":"https:\/\/www.alimentoslapedriza.com\/fr\/#\/schema\/logo\/image\/","url":"https:\/\/www.alimentoslapedriza.com\/fr\/wp-content\/uploads\/sites\/12\/2023\/08\/Logo-casa-vertical-26.png","contentUrl":"https:\/\/www.alimentoslapedriza.com\/fr\/wp-content\/uploads\/sites\/12\/2023\/08\/Logo-casa-vertical-26.png","width":512,"height":398,"caption":"Alimentos La Pedriza"},"image":{"@id":"https:\/\/www.alimentoslapedriza.com\/fr\/#\/schema\/logo\/image\/"}}]}},"_links":{"self":[{"href":"https:\/\/www.alimentoslapedriza.com\/fr\/wp-json\/wp\/v2\/pages\/1641","targetHints":{"allow":["GET"]}}],"collection":[{"href":"https:\/\/www.alimentoslapedriza.com\/fr\/wp-json\/wp\/v2\/pages"}],"about":[{"href":"https:\/\/www.alimentoslapedriza.com\/fr\/wp-json\/wp\/v2\/types\/page"}],"author":[{"embeddable":true,"href":"https:\/\/www.alimentoslapedriza.com\/fr\/wp-json\/wp\/v2\/users\/1"}],"replies":[{"embeddable":true,"href":"https:\/\/www.alimentoslapedriza.com\/fr\/wp-json\/wp\/v2\/comments?post=1641"}],"version-history":[{"count":29,"href":"https:\/\/www.alimentoslapedriza.com\/fr\/wp-json\/wp\/v2\/pages\/1641\/revisions"}],"predecessor-version":[{"id":3173,"href":"https:\/\/www.alimentoslapedriza.com\/fr\/wp-json\/wp\/v2\/pages\/1641\/revisions\/3173"}],"wp:attachment":[{"href":"https:\/\/www.alimentoslapedriza.com\/fr\/wp-json\/wp\/v2\/media?parent=1641"}],"curies":[{"name":"wp","href":"https:\/\/api.w.org\/{rel}","templated":true}]}}