{"id":2159,"date":"2023-09-22T12:09:12","date_gmt":"2023-09-22T10:09:12","guid":{"rendered":"https:\/\/www.alimentoslapedriza.com\/?post_type=product&#038;p=2159"},"modified":"2023-12-18T11:53:16","modified_gmt":"2023-12-18T10:53:16","slug":"alubias-blancas-rinon","status":"publish","type":"product","link":"https:\/\/www.alimentoslapedriza.com\/en\/producto\/alubias-blancas-rinon\/","title":{"rendered":"Alubias Ri\u00f1\u00f3n"},"content":{"rendered":"<p><strong>Alubia Ri\u00f1\u00f3n.<\/strong>\u00a0La finura y suavidad de su piel la hacen muy agradable al paladar convirti\u00e9ndola en una legumbre con excelentes cualidades culinarias. Tambi\u00e9n conocidas como alubias de manteca. Destaca su capacidad de absorci\u00f3n del agua, haciendo que aumenten su tama\u00f1o a m\u00e1s del doble una vez hidratadas<\/p>\n","protected":false},"excerpt":{"rendered":"<p>Alubia Ri\u00f1\u00f3n.\u00a0La finura y suavidad de su piel la hacen muy agradable al paladar convirti\u00e9ndola en una legumbre con excelentes cualidades culinarias. Tambi\u00e9n conocidas como alubias de manteca. Destaca su capacidad de absorci\u00f3n del agua, haciendo que aumenten su tama\u00f1o a m\u00e1s del doble una vez hidratadas<\/p>\n","protected":false},"featured_media":2167,"comment_status":"open","ping_status":"closed","template":"","meta":{"_acf_changed":false,"site-sidebar-layout":"default","site-content-layout":"","ast-site-content-layout":"default","site-content-style":"default","site-sidebar-style":"default","ast-global-header-display":"","ast-banner-title-visibility":"","ast-main-header-display":"","ast-hfb-above-header-display":"","ast-hfb-below-header-display":"","ast-hfb-mobile-header-display":"","site-post-title":"","ast-breadcrumbs-content":"","ast-featured-img":"","footer-sml-layout":"","ast-disable-related-posts":"","theme-transparent-header-meta":"default","adv-header-id-meta":"","stick-header-meta":"","header-above-stick-meta":"","header-main-stick-meta":"","header-below-stick-meta":"","astra-migrate-meta-layouts":"set","ast-page-background-enabled":"default","ast-page-background-meta":{"desktop":{"background-color":"var(--ast-global-color-4)","background-image":"","background-repeat":"repeat","background-position":"center center","background-size":"auto","background-attachment":"scroll","background-type":"","background-media":"","overlay-type":"","overlay-color":"","overlay-opacity":"","overlay-gradient":""},"tablet":{"background-color":"","background-image":"","background-repeat":"repeat","background-position":"center center","background-size":"auto","background-attachment":"scroll","background-type":"","background-media":"","overlay-type":"","overlay-color":"","overlay-opacity":"","overlay-gradient":""},"mobile":{"background-color":"","background-image":"","background-repeat":"repeat","background-position":"center center","background-size":"auto","background-attachment":"scroll","background-type":"","background-media":"","overlay-type":"","overlay-color":"","overlay-opacity":"","overlay-gradient":""}},"ast-content-background-meta":{"desktop":{"background-color":"var(--ast-global-color-5)","background-image":"","background-repeat":"repeat","background-position":"center center","background-size":"auto","background-attachment":"scroll","background-type":"","background-media":"","overlay-type":"","overlay-color":"","overlay-opacity":"","overlay-gradient":""},"tablet":{"background-color":"var(--ast-global-color-5)","background-image":"","background-repeat":"repeat","background-position":"center center","background-size":"auto","background-attachment":"scroll","background-type":"","background-media":"","overlay-type":"","overlay-color":"","overlay-opacity":"","overlay-gradient":""},"mobile":{"background-color":"var(--ast-global-color-5)","background-image":"","background-repeat":"repeat","background-position":"center center","background-size":"auto","background-attachment":"scroll","background-type":"","background-media":"","overlay-type":"","overlay-color":"","overlay-opacity":"","overlay-gradient":""}}},"product_brand":[],"product_cat":[137],"product_tag":[],"class_list":{"0":"post-2159","1":"product","2":"type-product","3":"status-publish","4":"has-post-thumbnail","6":"product_cat-alubias","7":"desktop-align-left","8":"tablet-align-left","9":"mobile-align-left","11":"first","12":"instock","13":"shipping-taxable","14":"product-type-simple"},"acf":[],"yoast_head":"<!-- This site is optimized with the Yoast SEO plugin v27.4 - https:\/\/yoast.com\/product\/yoast-seo-wordpress\/ -->\n<title>Alubias Ri\u00f1\u00f3n - Alimentos La Pedriza<\/title>\n<meta name=\"robots\" content=\"index, follow, max-snippet:-1, max-image-preview:large, max-video-preview:-1\" \/>\n<link rel=\"canonical\" href=\"https:\/\/www.alimentoslapedriza.com\/en\/producto\/alubias-blancas-rinon\/\" \/>\n<meta property=\"og:locale\" content=\"es_ES\" \/>\n<meta property=\"og:type\" content=\"article\" \/>\n<meta property=\"og:title\" content=\"Alubias Ri\u00f1\u00f3n - Alimentos La Pedriza\" \/>\n<meta property=\"og:description\" content=\"Alubia Ri\u00f1\u00f3n.\u00a0La finura y suavidad de su piel la hacen muy agradable al paladar convirti\u00e9ndola en una legumbre con excelentes cualidades culinarias. Tambi\u00e9n conocidas como alubias de manteca. Destaca su capacidad de absorci\u00f3n del agua, haciendo que aumenten su tama\u00f1o a m\u00e1s del doble una vez hidratadas\" \/>\n<meta property=\"og:url\" content=\"https:\/\/www.alimentoslapedriza.com\/en\/producto\/alubias-blancas-rinon\/\" \/>\n<meta property=\"og:site_name\" content=\"Alimentos La Pedriza\" \/>\n<meta property=\"article:modified_time\" content=\"2023-12-18T10:53:16+00:00\" \/>\n<meta property=\"og:image\" content=\"https:\/\/www.alimentoslapedriza.com\/en\/wp-content\/uploads\/sites\/11\/2023\/09\/Alubias-blancas-rinon__productos-4.jpg\" \/>\n\t<meta property=\"og:image:width\" content=\"700\" \/>\n\t<meta property=\"og:image:height\" content=\"700\" \/>\n\t<meta property=\"og:image:type\" content=\"image\/jpeg\" \/>\n<meta name=\"twitter:card\" content=\"summary_large_image\" \/>\n<script type=\"application\/ld+json\" class=\"yoast-schema-graph\">{\"@context\":\"https:\\\/\\\/schema.org\",\"@graph\":[{\"@type\":\"WebPage\",\"@id\":\"https:\\\/\\\/www.alimentoslapedriza.com\\\/en\\\/producto\\\/alubias-blancas-rinon\\\/\",\"url\":\"https:\\\/\\\/www.alimentoslapedriza.com\\\/en\\\/producto\\\/alubias-blancas-rinon\\\/\",\"name\":\"Alubias Ri\u00f1\u00f3n - Alimentos La Pedriza\",\"isPartOf\":{\"@id\":\"https:\\\/\\\/www.alimentoslapedriza.com\\\/en\\\/#website\"},\"primaryImageOfPage\":{\"@id\":\"https:\\\/\\\/www.alimentoslapedriza.com\\\/en\\\/producto\\\/alubias-blancas-rinon\\\/#primaryimage\"},\"image\":{\"@id\":\"https:\\\/\\\/www.alimentoslapedriza.com\\\/en\\\/producto\\\/alubias-blancas-rinon\\\/#primaryimage\"},\"thumbnailUrl\":\"https:\\\/\\\/www.alimentoslapedriza.com\\\/en\\\/wp-content\\\/uploads\\\/sites\\\/11\\\/2023\\\/09\\\/Alubias-blancas-rinon__productos-4.jpg\",\"datePublished\":\"2023-09-22T10:09:12+00:00\",\"dateModified\":\"2023-12-18T10:53:16+00:00\",\"breadcrumb\":{\"@id\":\"https:\\\/\\\/www.alimentoslapedriza.com\\\/en\\\/producto\\\/alubias-blancas-rinon\\\/#breadcrumb\"},\"inLanguage\":\"es\",\"potentialAction\":[{\"@type\":\"ReadAction\",\"target\":[\"https:\\\/\\\/www.alimentoslapedriza.com\\\/en\\\/producto\\\/alubias-blancas-rinon\\\/\"]}]},{\"@type\":\"ImageObject\",\"inLanguage\":\"es\",\"@id\":\"https:\\\/\\\/www.alimentoslapedriza.com\\\/en\\\/producto\\\/alubias-blancas-rinon\\\/#primaryimage\",\"url\":\"https:\\\/\\\/www.alimentoslapedriza.com\\\/en\\\/wp-content\\\/uploads\\\/sites\\\/11\\\/2023\\\/09\\\/Alubias-blancas-rinon__productos-4.jpg\",\"contentUrl\":\"https:\\\/\\\/www.alimentoslapedriza.com\\\/en\\\/wp-content\\\/uploads\\\/sites\\\/11\\\/2023\\\/09\\\/Alubias-blancas-rinon__productos-4.jpg\",\"width\":700,\"height\":700},{\"@type\":\"BreadcrumbList\",\"@id\":\"https:\\\/\\\/www.alimentoslapedriza.com\\\/en\\\/producto\\\/alubias-blancas-rinon\\\/#breadcrumb\",\"itemListElement\":[{\"@type\":\"ListItem\",\"position\":1,\"name\":\"Portada\",\"item\":\"https:\\\/\\\/www.alimentoslapedriza.com\\\/en\\\/\"},{\"@type\":\"ListItem\",\"position\":2,\"name\":\"Productos\",\"item\":\"https:\\\/\\\/www.alimentoslapedriza.com\\\/en\\\/tienda__trashed\\\/\"},{\"@type\":\"ListItem\",\"position\":3,\"name\":\"Alubias Ri\u00f1\u00f3n\"}]},{\"@type\":\"WebSite\",\"@id\":\"https:\\\/\\\/www.alimentoslapedriza.com\\\/en\\\/#website\",\"url\":\"https:\\\/\\\/www.alimentoslapedriza.com\\\/en\\\/\",\"name\":\"Alimentos La Pedriza\",\"description\":\"Legumbres La Pedriza | Take your time\",\"publisher\":{\"@id\":\"https:\\\/\\\/www.alimentoslapedriza.com\\\/en\\\/#organization\"},\"potentialAction\":[{\"@type\":\"SearchAction\",\"target\":{\"@type\":\"EntryPoint\",\"urlTemplate\":\"https:\\\/\\\/www.alimentoslapedriza.com\\\/en\\\/?s={search_term_string}\"},\"query-input\":{\"@type\":\"PropertyValueSpecification\",\"valueRequired\":true,\"valueName\":\"search_term_string\"}}],\"inLanguage\":\"es\"},{\"@type\":\"Organization\",\"@id\":\"https:\\\/\\\/www.alimentoslapedriza.com\\\/en\\\/#organization\",\"name\":\"Alimentos La Pedriza\",\"url\":\"https:\\\/\\\/www.alimentoslapedriza.com\\\/en\\\/\",\"logo\":{\"@type\":\"ImageObject\",\"inLanguage\":\"es\",\"@id\":\"https:\\\/\\\/www.alimentoslapedriza.com\\\/en\\\/#\\\/schema\\\/logo\\\/image\\\/\",\"url\":\"https:\\\/\\\/www.alimentoslapedriza.com\\\/en\\\/wp-content\\\/uploads\\\/sites\\\/11\\\/2023\\\/08\\\/Logo-casa-vertical-26.png\",\"contentUrl\":\"https:\\\/\\\/www.alimentoslapedriza.com\\\/en\\\/wp-content\\\/uploads\\\/sites\\\/11\\\/2023\\\/08\\\/Logo-casa-vertical-26.png\",\"width\":512,\"height\":398,\"caption\":\"Alimentos La Pedriza\"},\"image\":{\"@id\":\"https:\\\/\\\/www.alimentoslapedriza.com\\\/en\\\/#\\\/schema\\\/logo\\\/image\\\/\"}}]}<\/script>\n<!-- \/ Yoast SEO plugin. -->","yoast_head_json":{"title":"Alubias Ri\u00f1\u00f3n - Alimentos La Pedriza","robots":{"index":"index","follow":"follow","max-snippet":"max-snippet:-1","max-image-preview":"max-image-preview:large","max-video-preview":"max-video-preview:-1"},"canonical":"https:\/\/www.alimentoslapedriza.com\/en\/producto\/alubias-blancas-rinon\/","og_locale":"es_ES","og_type":"article","og_title":"Alubias Ri\u00f1\u00f3n - Alimentos La Pedriza","og_description":"Alubia Ri\u00f1\u00f3n.\u00a0La finura y suavidad de su piel la hacen muy agradable al paladar convirti\u00e9ndola en una legumbre con excelentes cualidades culinarias. Tambi\u00e9n conocidas como alubias de manteca. Destaca su capacidad de absorci\u00f3n del agua, haciendo que aumenten su tama\u00f1o a m\u00e1s del doble una vez hidratadas","og_url":"https:\/\/www.alimentoslapedriza.com\/en\/producto\/alubias-blancas-rinon\/","og_site_name":"Alimentos La Pedriza","article_modified_time":"2023-12-18T10:53:16+00:00","og_image":[{"width":700,"height":700,"url":"https:\/\/www.alimentoslapedriza.com\/en\/wp-content\/uploads\/sites\/11\/2023\/09\/Alubias-blancas-rinon__productos-4.jpg","type":"image\/jpeg"}],"twitter_card":"summary_large_image","schema":{"@context":"https:\/\/schema.org","@graph":[{"@type":"WebPage","@id":"https:\/\/www.alimentoslapedriza.com\/en\/producto\/alubias-blancas-rinon\/","url":"https:\/\/www.alimentoslapedriza.com\/en\/producto\/alubias-blancas-rinon\/","name":"Alubias Ri\u00f1\u00f3n - Alimentos La Pedriza","isPartOf":{"@id":"https:\/\/www.alimentoslapedriza.com\/en\/#website"},"primaryImageOfPage":{"@id":"https:\/\/www.alimentoslapedriza.com\/en\/producto\/alubias-blancas-rinon\/#primaryimage"},"image":{"@id":"https:\/\/www.alimentoslapedriza.com\/en\/producto\/alubias-blancas-rinon\/#primaryimage"},"thumbnailUrl":"https:\/\/www.alimentoslapedriza.com\/en\/wp-content\/uploads\/sites\/11\/2023\/09\/Alubias-blancas-rinon__productos-4.jpg","datePublished":"2023-09-22T10:09:12+00:00","dateModified":"2023-12-18T10:53:16+00:00","breadcrumb":{"@id":"https:\/\/www.alimentoslapedriza.com\/en\/producto\/alubias-blancas-rinon\/#breadcrumb"},"inLanguage":"es","potentialAction":[{"@type":"ReadAction","target":["https:\/\/www.alimentoslapedriza.com\/en\/producto\/alubias-blancas-rinon\/"]}]},{"@type":"ImageObject","inLanguage":"es","@id":"https:\/\/www.alimentoslapedriza.com\/en\/producto\/alubias-blancas-rinon\/#primaryimage","url":"https:\/\/www.alimentoslapedriza.com\/en\/wp-content\/uploads\/sites\/11\/2023\/09\/Alubias-blancas-rinon__productos-4.jpg","contentUrl":"https:\/\/www.alimentoslapedriza.com\/en\/wp-content\/uploads\/sites\/11\/2023\/09\/Alubias-blancas-rinon__productos-4.jpg","width":700,"height":700},{"@type":"BreadcrumbList","@id":"https:\/\/www.alimentoslapedriza.com\/en\/producto\/alubias-blancas-rinon\/#breadcrumb","itemListElement":[{"@type":"ListItem","position":1,"name":"Portada","item":"https:\/\/www.alimentoslapedriza.com\/en\/"},{"@type":"ListItem","position":2,"name":"Productos","item":"https:\/\/www.alimentoslapedriza.com\/en\/tienda__trashed\/"},{"@type":"ListItem","position":3,"name":"Alubias Ri\u00f1\u00f3n"}]},{"@type":"WebSite","@id":"https:\/\/www.alimentoslapedriza.com\/en\/#website","url":"https:\/\/www.alimentoslapedriza.com\/en\/","name":"Alimentos La Pedriza","description":"Legumbres La Pedriza | Take your time","publisher":{"@id":"https:\/\/www.alimentoslapedriza.com\/en\/#organization"},"potentialAction":[{"@type":"SearchAction","target":{"@type":"EntryPoint","urlTemplate":"https:\/\/www.alimentoslapedriza.com\/en\/?s={search_term_string}"},"query-input":{"@type":"PropertyValueSpecification","valueRequired":true,"valueName":"search_term_string"}}],"inLanguage":"es"},{"@type":"Organization","@id":"https:\/\/www.alimentoslapedriza.com\/en\/#organization","name":"Alimentos La Pedriza","url":"https:\/\/www.alimentoslapedriza.com\/en\/","logo":{"@type":"ImageObject","inLanguage":"es","@id":"https:\/\/www.alimentoslapedriza.com\/en\/#\/schema\/logo\/image\/","url":"https:\/\/www.alimentoslapedriza.com\/en\/wp-content\/uploads\/sites\/11\/2023\/08\/Logo-casa-vertical-26.png","contentUrl":"https:\/\/www.alimentoslapedriza.com\/en\/wp-content\/uploads\/sites\/11\/2023\/08\/Logo-casa-vertical-26.png","width":512,"height":398,"caption":"Alimentos La Pedriza"},"image":{"@id":"https:\/\/www.alimentoslapedriza.com\/en\/#\/schema\/logo\/image\/"}}]}},"_links":{"self":[{"href":"https:\/\/www.alimentoslapedriza.com\/en\/wp-json\/wp\/v2\/product\/2159","targetHints":{"allow":["GET"]}}],"collection":[{"href":"https:\/\/www.alimentoslapedriza.com\/en\/wp-json\/wp\/v2\/product"}],"about":[{"href":"https:\/\/www.alimentoslapedriza.com\/en\/wp-json\/wp\/v2\/types\/product"}],"replies":[{"embeddable":true,"href":"https:\/\/www.alimentoslapedriza.com\/en\/wp-json\/wp\/v2\/comments?post=2159"}],"wp:featuredmedia":[{"embeddable":true,"href":"https:\/\/www.alimentoslapedriza.com\/en\/wp-json\/wp\/v2\/media\/2167"}],"wp:attachment":[{"href":"https:\/\/www.alimentoslapedriza.com\/en\/wp-json\/wp\/v2\/media?parent=2159"}],"wp:term":[{"taxonomy":"product_brand","embeddable":true,"href":"https:\/\/www.alimentoslapedriza.com\/en\/wp-json\/wp\/v2\/product_brand?post=2159"},{"taxonomy":"product_cat","embeddable":true,"href":"https:\/\/www.alimentoslapedriza.com\/en\/wp-json\/wp\/v2\/product_cat?post=2159"},{"taxonomy":"product_tag","embeddable":true,"href":"https:\/\/www.alimentoslapedriza.com\/en\/wp-json\/wp\/v2\/product_tag?post=2159"}],"curies":[{"name":"wp","href":"https:\/\/api.w.org\/{rel}","templated":true}]}}