{"id":1641,"date":"2023-09-19T09:38:12","date_gmt":"2023-09-19T07:38:12","guid":{"rendered":"https:\/\/www.alimentoslapedriza.com\/?page_id=1641"},"modified":"2023-10-11T10:51:11","modified_gmt":"2023-10-11T08:51:11","slug":"quieres-lanzar-tu-marca","status":"publish","type":"page","link":"https:\/\/www.alimentoslapedriza.com\/en\/quieres-lanzar-tu-marca\/","title":{"rendered":"\u00bfQuieres lanzar tu marca?"},"content":{"rendered":"\t\t<div data-elementor-type=\"wp-page\" data-elementor-id=\"1641\" class=\"elementor elementor-1641\" data-elementor-post-type=\"page\">\n\t\t\t\t\t\t<section class=\"elementor-section elementor-top-section elementor-element elementor-element-75072db5 elementor-section-boxed elementor-section-height-default elementor-section-height-default\" data-id=\"75072db5\" data-element_type=\"section\" data-e-type=\"section\" data-settings=\"{&quot;background_background&quot;:&quot;classic&quot;}\">\n\t\t\t\t\t\t<div class=\"elementor-container elementor-column-gap-default\">\n\t\t\t\t\t<div class=\"elementor-column elementor-col-100 elementor-top-column elementor-element elementor-element-4eb70f46\" data-id=\"4eb70f46\" data-element_type=\"column\" data-e-type=\"column\">\n\t\t\t<div class=\"elementor-widget-wrap elementor-element-populated\">\n\t\t\t\t\t\t<div class=\"elementor-element elementor-element-50b376b1 elementor-widget elementor-widget-heading\" data-id=\"50b376b1\" data-element_type=\"widget\" data-e-type=\"widget\" data-widget_type=\"heading.default\">\n\t\t\t\t<div class=\"elementor-widget-container\">\n\t\t\t\t\t<h2 class=\"elementor-heading-title elementor-size-default\">LANZA TU MARCA<\/h2>\t\t\t\t<\/div>\n\t\t\t\t<\/div>\n\t\t\t\t\t<\/div>\n\t\t<\/div>\n\t\t\t\t\t<\/div>\n\t\t<\/section>\n\t\t\t\t<section class=\"elementor-section elementor-top-section elementor-element elementor-element-20731d6b elementor-section-boxed elementor-section-height-default elementor-section-height-default\" data-id=\"20731d6b\" data-element_type=\"section\" data-e-type=\"section\" data-settings=\"{&quot;background_background&quot;:&quot;classic&quot;}\">\n\t\t\t\t\t\t\t<div class=\"elementor-background-overlay\"><\/div>\n\t\t\t\t\t\t\t<div class=\"elementor-container elementor-column-gap-default\">\n\t\t\t\t\t<div class=\"elementor-column elementor-col-100 elementor-top-column elementor-element elementor-element-4b9dd5fb\" data-id=\"4b9dd5fb\" data-element_type=\"column\" data-e-type=\"column\">\n\t\t\t<div class=\"elementor-widget-wrap elementor-element-populated\">\n\t\t\t\t\t\t<div class=\"elementor-element elementor-element-fe1a14b elementor-widget elementor-widget-heading\" data-id=\"fe1a14b\" data-element_type=\"widget\" data-e-type=\"widget\" data-widget_type=\"heading.default\">\n\t\t\t\t<div class=\"elementor-widget-container\">\n\t\t\t\t\t<h2 class=\"elementor-heading-title elementor-size-default\">Do you want to launch your brand?<\/h2>\t\t\t\t<\/div>\n\t\t\t\t<\/div>\n\t\t\t\t<section class=\"elementor-section elementor-inner-section elementor-element elementor-element-564745c elementor-section-boxed elementor-section-height-default elementor-section-height-default\" data-id=\"564745c\" data-element_type=\"section\" data-e-type=\"section\">\n\t\t\t\t\t\t<div class=\"elementor-container elementor-column-gap-default\">\n\t\t\t\t\t<div class=\"elementor-column elementor-col-50 elementor-inner-column elementor-element elementor-element-07a2bf9\" data-id=\"07a2bf9\" data-element_type=\"column\" data-e-type=\"column\">\n\t\t\t<div class=\"elementor-widget-wrap elementor-element-populated\">\n\t\t\t\t\t\t<div class=\"elementor-element elementor-element-eceaa30 elementor-widget elementor-widget-text-editor\" data-id=\"eceaa30\" data-element_type=\"widget\" data-e-type=\"widget\" data-widget_type=\"text-editor.default\">\n\t\t\t\t<div class=\"elementor-widget-container\">\n\t\t\t\t\t\t\t\t\t<p>We offer you the possibility of creating your own brand or producing your own products with us. Whether dry pulses (1 Kg, 2Kg, 5Kg, 500 Grs) or cooked pulses (560 Grs, 370 Grs, 290 Grs), we have a wide variety of formats.<\/p><p>If you would like us to manufacture your own brand of pulses, please contact us and we will start immediately. Whether it is brands for the international or national market (Arabic, French, Spanish, English, etc.). We adapt to all types of designs.<\/p><p><strong>Personalised advice<\/strong><\/p><p>\u2022 We help you in the process of creating or updating the corporate identity of your brand.<\/p><p>\u2022 Choose from all the varieties of pulses available in our catalogue.<\/p><p>\u2022 Choose the packaging and designs that best suit the needs of your business.<\/p>\t\t\t\t\t\t\t\t<\/div>\n\t\t\t\t<\/div>\n\t\t\t\t<div class=\"elementor-element elementor-element-85eb744 elementor-hidden-mobile elementor-widget elementor-widget-text-editor\" data-id=\"85eb744\" data-element_type=\"widget\" data-e-type=\"widget\" data-widget_type=\"text-editor.default\">\n\t\t\t\t<div class=\"elementor-widget-container\">\n\t\t\t\t\t\t\t\t\t<p>De acuerdo con lo establecido por la Ley Org\u00e1nica de Protecci\u00f3n de datos 3\/2018 del 5 de diciembre y el Reglamento (UE) 2016\/679 del Parlamento Europeo (RGPD) y del Consejo de 27 de abril de 2016, el cliente\/usuario queda informado y presta su consentimiento inequ\u00edvoco a la incorporaci\u00f3n de sus datos a un fichero del que es responsable ALIMENTOS LA PEDRIZA, S.L., con la finalidad de dar respuesta a las dudas que pueda tener sobre nuestros servicios, as\u00ed como el env\u00edo de comunicaciones comerciales sobre los mismos.<br \/>Le informamos tambi\u00e9n sobre sus derechos de acceso, rectificaci\u00f3n, supresi\u00f3n y otros derechos, que podr\u00e1 ejercer a trav\u00e9s de Le informamos tambi\u00e9n que los datos personales suministrados no ser\u00e1n cedidos ni comunicados, ni siquiera para su conservaci\u00f3n, a terceras personas.<\/p>\t\t\t\t\t\t\t\t<\/div>\n\t\t\t\t<\/div>\n\t\t\t\t\t<\/div>\n\t\t<\/div>\n\t\t\t\t<div class=\"elementor-column elementor-col-50 elementor-inner-column elementor-element elementor-element-2a0ba21\" data-id=\"2a0ba21\" data-element_type=\"column\" data-e-type=\"column\">\n\t\t\t<div class=\"elementor-widget-wrap elementor-element-populated\">\n\t\t\t\t\t\t<div class=\"elementor-element elementor-element-3bcd103 elementor-widget elementor-widget-shortcode\" data-id=\"3bcd103\" data-element_type=\"widget\" data-e-type=\"widget\" data-widget_type=\"shortcode.default\">\n\t\t\t\t<div class=\"elementor-widget-container\">\n\t\t\t\t\t\t\t<div class=\"elementor-shortcode\">\n<div class=\"wpcf7 no-js\" id=\"wpcf7-f1509-o1\" lang=\"es-ES\" dir=\"ltr\" data-wpcf7-id=\"1509\">\n<div class=\"screen-reader-response\"><p role=\"status\" aria-live=\"polite\" aria-atomic=\"true\"><\/p> <ul><\/ul><\/div>\n<form action=\"\/en\/wp-json\/wp\/v2\/pages\/1641#wpcf7-f1509-o1\" method=\"post\" class=\"wpcf7-form init\" aria-label=\"Formulario de contacto\" novalidate=\"novalidate\" data-status=\"init\">\n<fieldset class=\"hidden-fields-container\"><input type=\"hidden\" name=\"_wpcf7\" value=\"1509\" \/><input type=\"hidden\" name=\"_wpcf7_version\" value=\"6.1.5\" \/><input type=\"hidden\" name=\"_wpcf7_locale\" value=\"es_ES\" \/><input type=\"hidden\" name=\"_wpcf7_unit_tag\" value=\"wpcf7-f1509-o1\" \/><input type=\"hidden\" name=\"_wpcf7_container_post\" value=\"0\" \/><input type=\"hidden\" name=\"_wpcf7_posted_data_hash\" value=\"\" \/><input type=\"hidden\" name=\"_wpcf7_recaptcha_response\" value=\"\" \/>\n<\/fieldset>\n<div id=\"responsive-form\" class=\"clearfix\">\n\t<div class=\"form-row\">\n\t\t<div class=\"column-half\">\n\t\t\t<p>\ud83d\udc64 Your name<br \/>\n<span class=\"wpcf7-form-control-wrap\" data-name=\"your-name\"><input size=\"40\" maxlength=\"400\" class=\"wpcf7-form-control wpcf7-text wpcf7-validates-as-required\" autocomplete=\"name\" aria-required=\"true\" aria-invalid=\"false\" value=\"\" type=\"text\" name=\"your-name\" \/><\/span>\n\t\t\t<\/p>\n\t\t<\/div>\n\t\t<div class=\"column-half\">\n\t\t\t<p>\ud83c\udfe2 Company (opcional)<br \/>\n<span class=\"wpcf7-form-control-wrap\" data-name=\"empresa\"><input size=\"40\" maxlength=\"400\" class=\"wpcf7-form-control wpcf7-text\" aria-invalid=\"false\" value=\"\" type=\"text\" name=\"empresa\" \/><\/span>\n\t\t\t<\/p>\n\t\t<\/div>\n\t<\/div>\n\t<div class=\"form-row\">\n\t\t<div class=\"column-half\">\n\t\t\t<p>\ud83d\udcde Telephone<br \/>\n<span class=\"wpcf7-form-control-wrap\" data-name=\"telefono\"><input size=\"40\" maxlength=\"400\" class=\"wpcf7-form-control wpcf7-tel wpcf7-validates-as-required wpcf7-text wpcf7-validates-as-tel\" aria-required=\"true\" aria-invalid=\"false\" value=\"\" type=\"tel\" name=\"telefono\" \/><\/span>\n\t\t\t<\/p>\n\t\t<\/div>\n\t\t<div class=\"column-half\">\n\t\t\t<p>\ud83d\udce7 Your email address<br \/>\n<span class=\"wpcf7-form-control-wrap\" data-name=\"your-email\"><input size=\"40\" maxlength=\"400\" class=\"wpcf7-form-control wpcf7-email wpcf7-validates-as-required wpcf7-text wpcf7-validates-as-email\" autocomplete=\"email\" aria-required=\"true\" aria-invalid=\"false\" value=\"\" type=\"email\" name=\"your-email\" \/><\/span>\n\t\t\t<\/p>\n\t\t<\/div>\n\t<\/div>\n\t<div class=\"column-full\">\n\t\t<p><span class=\"wpcf7-form-control-wrap\" data-name=\"opciones\"><select class=\"wpcf7-form-control wpcf7-select wpcf7-validates-as-required\" aria-required=\"true\" aria-invalid=\"false\" name=\"opciones\"><option value=\"Bring your pulse, we pack and label it\">Bring your pulse, we pack and label it<\/option><option value=\"Choose the pulse you want and we personalise it for you\">Choose the pulse you want and we personalise it for you<\/option><\/select><\/span>\n\t\t<\/p>\n\t<\/div>\n\t<div class=\"column-full\">\n\t\t<p>\ud83d\udcce Subject<br \/>\n<span class=\"wpcf7-form-control-wrap\" data-name=\"your-subject\"><input size=\"40\" maxlength=\"400\" class=\"wpcf7-form-control wpcf7-text wpcf7-validates-as-required\" aria-required=\"true\" aria-invalid=\"false\" value=\"\" type=\"text\" name=\"your-subject\" \/><\/span>\n\t\t<\/p>\n\t<\/div>\n\t<div class=\"column-full\">\n\t\t<p>\ud83d\udcc4 Your message<br \/>\n<span class=\"wpcf7-form-control-wrap\" data-name=\"your-message\"><textarea cols=\"40\" rows=\"10\" maxlength=\"2000\" class=\"wpcf7-form-control wpcf7-textarea wpcf7-validates-as-required\" aria-required=\"true\" aria-invalid=\"false\" name=\"your-message\"><\/textarea><\/span>\n\t\t<\/p>\n\t<\/div>\n<\/div>\n<div class=\"column-full\">\n\t<p><span class=\"wpcf7-form-control-wrap\" data-name=\"acceptance-314\"><span class=\"wpcf7-form-control wpcf7-acceptance\"><span class=\"wpcf7-list-item\"><label><input type=\"checkbox\" name=\"acceptance-314\" value=\"1\" aria-invalid=\"false\" \/><span class=\"wpcf7-list-item-label\">I accept <a href=\"https:\/\/www.alimentoslapedriza.com\/en\/politica-de-privacidad\/\" target=\"_blank\">Privacy Policy<\/a> and <a href=\"https:\/\/www.alimentoslapedriza.com\/en\/aviso-legal\/\" target=\"_blank\">Legal Notice<\/a><\/span><\/label><\/span><\/span><\/span>\n\t<\/p>\n<\/div>\n<div class=\"form-row\">\n\t<div class=\"column-full\">\n\t\t<p><input class=\"wpcf7-form-control wpcf7-submit has-spinner\" type=\"submit\" value=\"Send \u27a4\" \/>\n\t\t<\/p>\n\t<\/div>\n<\/div>\n\n\n\n<!--end responsive-form--><div class=\"wpcf7-response-output\" aria-hidden=\"true\"><\/div>\n<\/form>\n<\/div>\n<\/div>\n\t\t\t\t\t\t<\/div>\n\t\t\t\t<\/div>\n\t\t\t\t<div class=\"elementor-element elementor-element-f62a2dd elementor-hidden-desktop elementor-hidden-tablet elementor-widget elementor-widget-text-editor\" data-id=\"f62a2dd\" data-element_type=\"widget\" data-e-type=\"widget\" data-widget_type=\"text-editor.default\">\n\t\t\t\t<div class=\"elementor-widget-container\">\n\t\t\t\t\t\t\t\t\t<p>De acuerdo con lo establecido por la Ley Org\u00e1nica de Protecci\u00f3n de datos 3\/2018 del 5 de diciembre y el Reglamento (UE) 2016\/679 del Parlamento Europeo (RGPD) y del Consejo de 27 de abril de 2016, el cliente\/usuario queda informado y presta su consentimiento inequ\u00edvoco a la incorporaci\u00f3n de sus datos a un fichero del que es responsable ALIMENTOS LA PEDRIZA, S.L., con la finalidad de dar respuesta a las dudas que pueda tener sobre nuestros servicios, as\u00ed como el env\u00edo de comunicaciones comerciales sobre los mismos.<br \/>Le informamos tambi\u00e9n sobre sus derechos de acceso, rectificaci\u00f3n, supresi\u00f3n y otros derechos, que podr\u00e1 ejercer a trav\u00e9s de Le informamos tambi\u00e9n que los datos personales suministrados no ser\u00e1n cedidos ni comunicados, ni siquiera para su conservaci\u00f3n, a terceras personas.<\/p>\t\t\t\t\t\t\t\t<\/div>\n\t\t\t\t<\/div>\n\t\t\t\t\t<\/div>\n\t\t<\/div>\n\t\t\t\t\t<\/div>\n\t\t<\/section>\n\t\t\t\t\t<\/div>\n\t\t<\/div>\n\t\t\t\t\t<\/div>\n\t\t<\/section>\n\t\t\t\t<\/div>\n\t\t","protected":false},"excerpt":{"rendered":"<p>LANZA TU MARCA Do you want to launch your brand? We offer you the possibility of creating your own brand or producing your own products with us. Whether dry pulses (1 Kg, 2Kg, 5Kg, 500 Grs) or cooked pulses (560 Grs, 370 Grs, 290 Grs), we have a wide variety of formats. If you would [&hellip;]<\/p>\n","protected":false},"author":1,"featured_media":0,"parent":0,"menu_order":0,"comment_status":"closed","ping_status":"closed","template":"","meta":{"_acf_changed":false,"site-sidebar-layout":"no-sidebar","site-content-layout":"page-builder","ast-site-content-layout":"full-width-container","site-content-style":"default","site-sidebar-style":"default","ast-global-header-display":"","ast-banner-title-visibility":"","ast-main-header-display":"","ast-hfb-above-header-display":"","ast-hfb-below-header-display":"","ast-hfb-mobile-header-display":"","site-post-title":"disabled","ast-breadcrumbs-content":"","ast-featured-img":"disabled","footer-sml-layout":"","ast-disable-related-posts":"","theme-transparent-header-meta":"default","adv-header-id-meta":"","stick-header-meta":"","header-above-stick-meta":"","header-main-stick-meta":"","header-below-stick-meta":"","astra-migrate-meta-layouts":"set","ast-page-background-enabled":"default","ast-page-background-meta":{"desktop":{"background-color":"var(--ast-global-color-4)","background-image":"","background-repeat":"repeat","background-position":"center center","background-size":"auto","background-attachment":"scroll","background-type":"","background-media":"","overlay-type":"","overlay-color":"","overlay-opacity":"","overlay-gradient":""},"tablet":{"background-color":"","background-image":"","background-repeat":"repeat","background-position":"center center","background-size":"auto","background-attachment":"scroll","background-type":"","background-media":"","overlay-type":"","overlay-color":"","overlay-opacity":"","overlay-gradient":""},"mobile":{"background-color":"","background-image":"","background-repeat":"repeat","background-position":"center center","background-size":"auto","background-attachment":"scroll","background-type":"","background-media":"","overlay-type":"","overlay-color":"","overlay-opacity":"","overlay-gradient":""}},"ast-content-background-meta":{"desktop":{"background-color":"var(--ast-global-color-5)","background-image":"","background-repeat":"repeat","background-position":"center center","background-size":"auto","background-attachment":"scroll","background-type":"","background-media":"","overlay-type":"","overlay-color":"","overlay-opacity":"","overlay-gradient":""},"tablet":{"background-color":"var(--ast-global-color-5)","background-image":"","background-repeat":"repeat","background-position":"center center","background-size":"auto","background-attachment":"scroll","background-type":"","background-media":"","overlay-type":"","overlay-color":"","overlay-opacity":"","overlay-gradient":""},"mobile":{"background-color":"var(--ast-global-color-5)","background-image":"","background-repeat":"repeat","background-position":"center center","background-size":"auto","background-attachment":"scroll","background-type":"","background-media":"","overlay-type":"","overlay-color":"","overlay-opacity":"","overlay-gradient":""}},"footnotes":""},"class_list":["post-1641","page","type-page","status-publish","hentry"],"acf":[],"yoast_head":"<!-- This site is optimized with the Yoast SEO plugin v27.4 - https:\/\/yoast.com\/product\/yoast-seo-wordpress\/ -->\n<title>\u00bfQuieres lanzar tu marca? - Alimentos La Pedriza<\/title>\n<meta name=\"robots\" content=\"index, follow, max-snippet:-1, max-image-preview:large, max-video-preview:-1\" \/>\n<link rel=\"canonical\" href=\"https:\/\/www.alimentoslapedriza.com\/en\/quieres-lanzar-tu-marca\/\" \/>\n<meta property=\"og:locale\" content=\"es_ES\" \/>\n<meta property=\"og:type\" content=\"article\" \/>\n<meta property=\"og:title\" content=\"\u00bfQuieres lanzar tu marca? - Alimentos La Pedriza\" \/>\n<meta property=\"og:description\" content=\"LANZA TU MARCA Do you want to launch your brand? We offer you the possibility of creating your own brand or producing your own products with us. Whether dry pulses (1 Kg, 2Kg, 5Kg, 500 Grs) or cooked pulses (560 Grs, 370 Grs, 290 Grs), we have a wide variety of formats. If you would [&hellip;]\" \/>\n<meta property=\"og:url\" content=\"https:\/\/www.alimentoslapedriza.com\/en\/quieres-lanzar-tu-marca\/\" \/>\n<meta property=\"og:site_name\" content=\"Alimentos La Pedriza\" \/>\n<meta property=\"article:modified_time\" content=\"2023-10-11T08:51:11+00:00\" \/>\n<meta property=\"og:image\" content=\"https:\/\/www.alimentoslapedriza.com\/en\/wp-content\/uploads\/sites\/11\/2023\/09\/logo-casa-vertical.png\" \/>\n\t<meta property=\"og:image:width\" content=\"615\" \/>\n\t<meta property=\"og:image:height\" content=\"487\" \/>\n\t<meta property=\"og:image:type\" content=\"image\/png\" \/>\n<meta name=\"twitter:card\" content=\"summary_large_image\" \/>\n<meta name=\"twitter:label1\" content=\"Tiempo de lectura\" \/>\n\t<meta name=\"twitter:data1\" content=\"2 minutos\" \/>\n<script type=\"application\/ld+json\" class=\"yoast-schema-graph\">{\"@context\":\"https:\\\/\\\/schema.org\",\"@graph\":[{\"@type\":\"WebPage\",\"@id\":\"https:\\\/\\\/www.alimentoslapedriza.com\\\/en\\\/quieres-lanzar-tu-marca\\\/\",\"url\":\"https:\\\/\\\/www.alimentoslapedriza.com\\\/en\\\/quieres-lanzar-tu-marca\\\/\",\"name\":\"\u00bfQuieres lanzar tu marca? - Alimentos La Pedriza\",\"isPartOf\":{\"@id\":\"https:\\\/\\\/www.alimentoslapedriza.com\\\/en\\\/#website\"},\"datePublished\":\"2023-09-19T07:38:12+00:00\",\"dateModified\":\"2023-10-11T08:51:11+00:00\",\"breadcrumb\":{\"@id\":\"https:\\\/\\\/www.alimentoslapedriza.com\\\/en\\\/quieres-lanzar-tu-marca\\\/#breadcrumb\"},\"inLanguage\":\"es\",\"potentialAction\":[{\"@type\":\"ReadAction\",\"target\":[\"https:\\\/\\\/www.alimentoslapedriza.com\\\/en\\\/quieres-lanzar-tu-marca\\\/\"]}]},{\"@type\":\"BreadcrumbList\",\"@id\":\"https:\\\/\\\/www.alimentoslapedriza.com\\\/en\\\/quieres-lanzar-tu-marca\\\/#breadcrumb\",\"itemListElement\":[{\"@type\":\"ListItem\",\"position\":1,\"name\":\"Portada\",\"item\":\"https:\\\/\\\/www.alimentoslapedriza.com\\\/en\\\/\"},{\"@type\":\"ListItem\",\"position\":2,\"name\":\"\u00bfQuieres lanzar tu marca?\"}]},{\"@type\":\"WebSite\",\"@id\":\"https:\\\/\\\/www.alimentoslapedriza.com\\\/en\\\/#website\",\"url\":\"https:\\\/\\\/www.alimentoslapedriza.com\\\/en\\\/\",\"name\":\"Alimentos La Pedriza\",\"description\":\"Legumbres La Pedriza | Take your time\",\"publisher\":{\"@id\":\"https:\\\/\\\/www.alimentoslapedriza.com\\\/en\\\/#organization\"},\"potentialAction\":[{\"@type\":\"SearchAction\",\"target\":{\"@type\":\"EntryPoint\",\"urlTemplate\":\"https:\\\/\\\/www.alimentoslapedriza.com\\\/en\\\/?s={search_term_string}\"},\"query-input\":{\"@type\":\"PropertyValueSpecification\",\"valueRequired\":true,\"valueName\":\"search_term_string\"}}],\"inLanguage\":\"es\"},{\"@type\":\"Organization\",\"@id\":\"https:\\\/\\\/www.alimentoslapedriza.com\\\/en\\\/#organization\",\"name\":\"Alimentos La Pedriza\",\"url\":\"https:\\\/\\\/www.alimentoslapedriza.com\\\/en\\\/\",\"logo\":{\"@type\":\"ImageObject\",\"inLanguage\":\"es\",\"@id\":\"https:\\\/\\\/www.alimentoslapedriza.com\\\/en\\\/#\\\/schema\\\/logo\\\/image\\\/\",\"url\":\"https:\\\/\\\/www.alimentoslapedriza.com\\\/en\\\/wp-content\\\/uploads\\\/sites\\\/11\\\/2023\\\/08\\\/Logo-casa-vertical-26.png\",\"contentUrl\":\"https:\\\/\\\/www.alimentoslapedriza.com\\\/en\\\/wp-content\\\/uploads\\\/sites\\\/11\\\/2023\\\/08\\\/Logo-casa-vertical-26.png\",\"width\":512,\"height\":398,\"caption\":\"Alimentos La Pedriza\"},\"image\":{\"@id\":\"https:\\\/\\\/www.alimentoslapedriza.com\\\/en\\\/#\\\/schema\\\/logo\\\/image\\\/\"}}]}<\/script>\n<!-- \/ Yoast SEO plugin. -->","yoast_head_json":{"title":"\u00bfQuieres lanzar tu marca? - Alimentos La Pedriza","robots":{"index":"index","follow":"follow","max-snippet":"max-snippet:-1","max-image-preview":"max-image-preview:large","max-video-preview":"max-video-preview:-1"},"canonical":"https:\/\/www.alimentoslapedriza.com\/en\/quieres-lanzar-tu-marca\/","og_locale":"es_ES","og_type":"article","og_title":"\u00bfQuieres lanzar tu marca? - Alimentos La Pedriza","og_description":"LANZA TU MARCA Do you want to launch your brand? We offer you the possibility of creating your own brand or producing your own products with us. Whether dry pulses (1 Kg, 2Kg, 5Kg, 500 Grs) or cooked pulses (560 Grs, 370 Grs, 290 Grs), we have a wide variety of formats. If you would [&hellip;]","og_url":"https:\/\/www.alimentoslapedriza.com\/en\/quieres-lanzar-tu-marca\/","og_site_name":"Alimentos La Pedriza","article_modified_time":"2023-10-11T08:51:11+00:00","og_image":[{"width":615,"height":487,"url":"https:\/\/www.alimentoslapedriza.com\/en\/wp-content\/uploads\/sites\/11\/2023\/09\/logo-casa-vertical.png","type":"image\/png"}],"twitter_card":"summary_large_image","twitter_misc":{"Tiempo de lectura":"2 minutos"},"schema":{"@context":"https:\/\/schema.org","@graph":[{"@type":"WebPage","@id":"https:\/\/www.alimentoslapedriza.com\/en\/quieres-lanzar-tu-marca\/","url":"https:\/\/www.alimentoslapedriza.com\/en\/quieres-lanzar-tu-marca\/","name":"\u00bfQuieres lanzar tu marca? - Alimentos La Pedriza","isPartOf":{"@id":"https:\/\/www.alimentoslapedriza.com\/en\/#website"},"datePublished":"2023-09-19T07:38:12+00:00","dateModified":"2023-10-11T08:51:11+00:00","breadcrumb":{"@id":"https:\/\/www.alimentoslapedriza.com\/en\/quieres-lanzar-tu-marca\/#breadcrumb"},"inLanguage":"es","potentialAction":[{"@type":"ReadAction","target":["https:\/\/www.alimentoslapedriza.com\/en\/quieres-lanzar-tu-marca\/"]}]},{"@type":"BreadcrumbList","@id":"https:\/\/www.alimentoslapedriza.com\/en\/quieres-lanzar-tu-marca\/#breadcrumb","itemListElement":[{"@type":"ListItem","position":1,"name":"Portada","item":"https:\/\/www.alimentoslapedriza.com\/en\/"},{"@type":"ListItem","position":2,"name":"\u00bfQuieres lanzar tu marca?"}]},{"@type":"WebSite","@id":"https:\/\/www.alimentoslapedriza.com\/en\/#website","url":"https:\/\/www.alimentoslapedriza.com\/en\/","name":"Alimentos La Pedriza","description":"Legumbres La Pedriza | Take your time","publisher":{"@id":"https:\/\/www.alimentoslapedriza.com\/en\/#organization"},"potentialAction":[{"@type":"SearchAction","target":{"@type":"EntryPoint","urlTemplate":"https:\/\/www.alimentoslapedriza.com\/en\/?s={search_term_string}"},"query-input":{"@type":"PropertyValueSpecification","valueRequired":true,"valueName":"search_term_string"}}],"inLanguage":"es"},{"@type":"Organization","@id":"https:\/\/www.alimentoslapedriza.com\/en\/#organization","name":"Alimentos La Pedriza","url":"https:\/\/www.alimentoslapedriza.com\/en\/","logo":{"@type":"ImageObject","inLanguage":"es","@id":"https:\/\/www.alimentoslapedriza.com\/en\/#\/schema\/logo\/image\/","url":"https:\/\/www.alimentoslapedriza.com\/en\/wp-content\/uploads\/sites\/11\/2023\/08\/Logo-casa-vertical-26.png","contentUrl":"https:\/\/www.alimentoslapedriza.com\/en\/wp-content\/uploads\/sites\/11\/2023\/08\/Logo-casa-vertical-26.png","width":512,"height":398,"caption":"Alimentos La Pedriza"},"image":{"@id":"https:\/\/www.alimentoslapedriza.com\/en\/#\/schema\/logo\/image\/"}}]}},"_links":{"self":[{"href":"https:\/\/www.alimentoslapedriza.com\/en\/wp-json\/wp\/v2\/pages\/1641","targetHints":{"allow":["GET"]}}],"collection":[{"href":"https:\/\/www.alimentoslapedriza.com\/en\/wp-json\/wp\/v2\/pages"}],"about":[{"href":"https:\/\/www.alimentoslapedriza.com\/en\/wp-json\/wp\/v2\/types\/page"}],"author":[{"embeddable":true,"href":"https:\/\/www.alimentoslapedriza.com\/en\/wp-json\/wp\/v2\/users\/1"}],"replies":[{"embeddable":true,"href":"https:\/\/www.alimentoslapedriza.com\/en\/wp-json\/wp\/v2\/comments?post=1641"}],"version-history":[{"count":29,"href":"https:\/\/www.alimentoslapedriza.com\/en\/wp-json\/wp\/v2\/pages\/1641\/revisions"}],"predecessor-version":[{"id":3170,"href":"https:\/\/www.alimentoslapedriza.com\/en\/wp-json\/wp\/v2\/pages\/1641\/revisions\/3170"}],"wp:attachment":[{"href":"https:\/\/www.alimentoslapedriza.com\/en\/wp-json\/wp\/v2\/media?parent=1641"}],"curies":[{"name":"wp","href":"https:\/\/api.w.org\/{rel}","templated":true}]}}